{"id":6248,"date":"2025-09-27T13:03:52","date_gmt":"2025-09-27T16:03:52","guid":{"rendered":"https:\/\/deportesram.cl\/?post_type=product&#038;p=6248"},"modified":"2025-11-27T16:02:37","modified_gmt":"2025-11-27T19:02:37","slug":"pelotas-de-padel-babolat-padel-tour-x3","status":"publish","type":"product","link":"https:\/\/deportesram.cl\/es_es\/producto\/pelotas-de-padel-babolat-padel-tour-x3\/","title":{"rendered":"Pelotas de Padel Babolat Padel Tour x3"},"content":{"rendered":"<p>Las pelotas Babolat Padel Tour son pelotas de Padel de la m\u00e1s alta calidad dise\u00f1adas para alta competici\u00f3n. Estas pelotas est\u00e1n constituidas por un fieltro trenzado para aumentar los efectos de los tiros y para aumentar la durabilidad.<\/p>\n","protected":false},"excerpt":{"rendered":"<p>Las pelotas Babolat Padel Tour son pelotas de Padel de la m\u00e1s alta calidad dise\u00f1adas para alta competici\u00f3n. Estas pelotas est\u00e1n constituidas por un fieltro trenzado para aumentar los efectos de los tiros y para aumentar la durabilidad.<\/p>\n","protected":false},"featured_media":6249,"template":"","meta":[],"product_brand":[],"product_cat":[687],"product_tag":[],"class_list":{"0":"post-6248","1":"product","2":"type-product","3":"status-publish","4":"has-post-thumbnail","6":"product_cat-padel","8":"first","9":"instock","10":"sale","11":"taxable","12":"shipping-taxable","13":"purchasable","14":"product-type-simple"},"wc_booster_product_categories":[{"id":687,"name":"P\u00e1del"}],"wc_booster_product_price":"<span class=\"sale-price\"><del aria-hidden=\"true\"><span class=\"woocommerce-Price-amount amount\"><bdi><span class=\"woocommerce-Price-currencySymbol\">&#36;<\/span>9.990<\/bdi><\/span><\/del> <span class=\"screen-reader-text\">El precio original era: &#036;9.990.<\/span><ins aria-hidden=\"true\"><span class=\"woocommerce-Price-amount amount\"><bdi><span class=\"woocommerce-Price-currencySymbol\">&#36;<\/span>7.990<\/bdi><\/span><\/ins><span class=\"screen-reader-text\">El precio actual es: &#036;7.990.<\/span><\/span> <small class=\"woocommerce-price-suffix\">IVA Incluido<\/small>","wc_booster_product_rating":"","wc_booster_product_banner_img":false,"wc_booster_product_reviews":[],"wc_booster_product_stock_data":{"manage_stock":true,"total_stock":20,"sold_stock":0},"_links":{"self":[{"href":"https:\/\/deportesram.cl\/es_es\/wp-json\/wp\/v2\/product\/6248","targetHints":{"allow":["GET"]}}],"collection":[{"href":"https:\/\/deportesram.cl\/es_es\/wp-json\/wp\/v2\/product"}],"about":[{"href":"https:\/\/deportesram.cl\/es_es\/wp-json\/wp\/v2\/types\/product"}],"wp:featuredmedia":[{"embeddable":true,"href":"https:\/\/deportesram.cl\/es_es\/wp-json\/wp\/v2\/media\/6249"}],"wp:attachment":[{"href":"https:\/\/deportesram.cl\/es_es\/wp-json\/wp\/v2\/media?parent=6248"}],"wp:term":[{"taxonomy":"product_brand","embeddable":true,"href":"https:\/\/deportesram.cl\/es_es\/wp-json\/wp\/v2\/product_brand?post=6248"},{"taxonomy":"product_cat","embeddable":true,"href":"https:\/\/deportesram.cl\/es_es\/wp-json\/wp\/v2\/product_cat?post=6248"},{"taxonomy":"product_tag","embeddable":true,"href":"https:\/\/deportesram.cl\/es_es\/wp-json\/wp\/v2\/product_tag?post=6248"}],"curies":[{"name":"wp","href":"https:\/\/api.w.org\/{rel}","templated":true}]}}