{"id":6253,"date":"2025-09-27T13:30:23","date_gmt":"2025-09-27T16:30:23","guid":{"rendered":"https:\/\/deportesram.cl\/?post_type=product&#038;p=6253"},"modified":"2025-09-27T13:30:23","modified_gmt":"2025-09-27T16:30:23","slug":"calcetines-antideslizantes-lila-talla-m","status":"publish","type":"product","link":"https:\/\/deportesram.cl\/es_es\/producto\/calcetines-antideslizantes-lila-talla-m\/","title":{"rendered":"Calcetines Antideslizantes Lila Talla M"},"content":{"rendered":"<p>Calcetines Antideslizantes , Disfruta de la m\u00e1xima comodidad y seguridad con nuestros calcetines antideslizantes para adultos, dise\u00f1ados para ofrecer un ajuste perfecto. *Caracter\u00edsticas destacadas: &#8211; Antideslizantes: Incorporan part\u00edculas de goma en la planta del pie, eliminando el movimiento dentro del calzado para una mayor estabilidad. &#8211; Ultrarresistentes y flexibles: Fabricados para durar, estos calcetines combinan resistencia y flexibilidad, asegurando una comodidad excepcional. &#8211; Tallas disponibles: M,\u00a0 ideales para todo tipo de pies.<\/p>\n","protected":false},"excerpt":{"rendered":"<p>Calcetines Antideslizantes , Disfruta de la m\u00e1xima comodidad y seguridad con nuestros calcetines antideslizantes para adultos, dise\u00f1ados para ofrecer un ajuste perfecto. *Caracter\u00edsticas destacadas: &#8211; Antideslizantes: Incorporan part\u00edculas de goma en la planta del pie, eliminando el movimiento dentro del calzado para una mayor estabilidad. &#8211; Ultrarresistentes y flexibles: Fabricados para durar, estos calcetines combinan [&hellip;]<\/p>\n","protected":false},"featured_media":6254,"template":"","meta":[],"product_brand":[],"product_cat":[672],"product_tag":[],"class_list":{"0":"post-6253","1":"product","2":"type-product","3":"status-publish","4":"has-post-thumbnail","6":"product_cat-futbol","8":"first","9":"instock","10":"taxable","11":"shipping-taxable","12":"purchasable","13":"product-type-simple"},"wc_booster_product_categories":[{"id":672,"name":"F\u00fatbol"}],"wc_booster_product_price":"<span class=\"woocommerce-Price-amount amount\"><bdi><span class=\"woocommerce-Price-currencySymbol\">&#36;<\/span>6.990<\/bdi><\/span> <small class=\"woocommerce-price-suffix\">IVA Incluido<\/small>","wc_booster_product_rating":"","wc_booster_product_banner_img":false,"wc_booster_product_reviews":[],"wc_booster_product_stock_data":{"manage_stock":true,"total_stock":10,"sold_stock":0},"_links":{"self":[{"href":"https:\/\/deportesram.cl\/es_es\/wp-json\/wp\/v2\/product\/6253","targetHints":{"allow":["GET"]}}],"collection":[{"href":"https:\/\/deportesram.cl\/es_es\/wp-json\/wp\/v2\/product"}],"about":[{"href":"https:\/\/deportesram.cl\/es_es\/wp-json\/wp\/v2\/types\/product"}],"wp:featuredmedia":[{"embeddable":true,"href":"https:\/\/deportesram.cl\/es_es\/wp-json\/wp\/v2\/media\/6254"}],"wp:attachment":[{"href":"https:\/\/deportesram.cl\/es_es\/wp-json\/wp\/v2\/media?parent=6253"}],"wp:term":[{"taxonomy":"product_brand","embeddable":true,"href":"https:\/\/deportesram.cl\/es_es\/wp-json\/wp\/v2\/product_brand?post=6253"},{"taxonomy":"product_cat","embeddable":true,"href":"https:\/\/deportesram.cl\/es_es\/wp-json\/wp\/v2\/product_cat?post=6253"},{"taxonomy":"product_tag","embeddable":true,"href":"https:\/\/deportesram.cl\/es_es\/wp-json\/wp\/v2\/product_tag?post=6253"}],"curies":[{"name":"wp","href":"https:\/\/api.w.org\/{rel}","templated":true}]}}