{"id":6258,"date":"2025-09-29T16:04:34","date_gmt":"2025-09-29T19:04:34","guid":{"rendered":"https:\/\/deportesram.cl\/?post_type=product&#038;p=6258"},"modified":"2026-03-26T17:02:18","modified_gmt":"2026-03-26T20:02:18","slug":"pesas-rusas-kettlebell-8-lb-everlast","status":"publish","type":"product","link":"https:\/\/deportesram.cl\/es_es\/producto\/pesas-rusas-kettlebell-8-lb-everlast\/","title":{"rendered":"Pesas Rusas KettleBell 8 Lb Everlast"},"content":{"rendered":"<h4>Pesas Rusas o kettleBell Everlast 8 Lb<\/h4>\n<ul>\n<li>Aumenta tu coordinaci\u00f3n, fuerza, flexibilidad y resistencia usando en tus entrenamiento pesas.<\/li>\n<li>Marca: Everlast<\/li>\n<li>Pesa de 8 Lb \/ 3.60 Kg<\/li>\n<li>Material: Vinilico<\/li>\n<li>Dise\u00f1o con forma de esfera y asa para su agarre<\/li>\n<li>Base plana para realizar ejercicios sobre el suelo<\/li>\n<li>Ejercita Brazos, Hombro, Gl\u00fateo, Muslos, Tr\u00edceps y m\u00e1s.<\/li>\n<\/ul>\n","protected":false},"excerpt":{"rendered":"<p>Pesas Rusas o kettleBell Everlast 8 Lb Aumenta tu coordinaci\u00f3n, fuerza, flexibilidad y resistencia usando en tus entrenamiento pesas. Marca: Everlast Pesa de 8 Lb \/ 3.60 Kg Material: Vinilico Dise\u00f1o con forma de esfera y asa para su agarre Base plana para realizar ejercicios sobre el suelo Ejercita Brazos, Hombro, Gl\u00fateo, Muslos, Tr\u00edceps y [&hellip;]<\/p>\n","protected":false},"featured_media":6259,"template":"","meta":[],"product_brand":[],"product_cat":[699,623],"product_tag":[],"class_list":{"0":"post-6258","1":"product","2":"type-product","3":"status-publish","4":"has-post-thumbnail","6":"product_cat-pesa-rusa","7":"product_cat-pesas-y-levantamiento","9":"first","10":"outofstock","11":"taxable","12":"shipping-taxable","13":"purchasable","14":"product-type-simple"},"wc_booster_product_categories":[{"id":699,"name":"Pesa Rusa"},{"id":623,"name":"Pesas y Levantamiento"}],"wc_booster_product_price":"<span class=\"woocommerce-Price-amount amount\"><bdi><span class=\"woocommerce-Price-currencySymbol\">&#36;<\/span>14.990<\/bdi><\/span> <small class=\"woocommerce-price-suffix\">IVA Incluido<\/small>","wc_booster_product_rating":"","wc_booster_product_banner_img":false,"wc_booster_product_reviews":[],"wc_booster_product_stock_data":{"manage_stock":true,"total_stock":0,"sold_stock":0},"_links":{"self":[{"href":"https:\/\/deportesram.cl\/es_es\/wp-json\/wp\/v2\/product\/6258","targetHints":{"allow":["GET"]}}],"collection":[{"href":"https:\/\/deportesram.cl\/es_es\/wp-json\/wp\/v2\/product"}],"about":[{"href":"https:\/\/deportesram.cl\/es_es\/wp-json\/wp\/v2\/types\/product"}],"wp:featuredmedia":[{"embeddable":true,"href":"https:\/\/deportesram.cl\/es_es\/wp-json\/wp\/v2\/media\/6259"}],"wp:attachment":[{"href":"https:\/\/deportesram.cl\/es_es\/wp-json\/wp\/v2\/media?parent=6258"}],"wp:term":[{"taxonomy":"product_brand","embeddable":true,"href":"https:\/\/deportesram.cl\/es_es\/wp-json\/wp\/v2\/product_brand?post=6258"},{"taxonomy":"product_cat","embeddable":true,"href":"https:\/\/deportesram.cl\/es_es\/wp-json\/wp\/v2\/product_cat?post=6258"},{"taxonomy":"product_tag","embeddable":true,"href":"https:\/\/deportesram.cl\/es_es\/wp-json\/wp\/v2\/product_tag?post=6258"}],"curies":[{"name":"wp","href":"https:\/\/api.w.org\/{rel}","templated":true}]}}