{"id":6260,"date":"2025-09-29T16:24:21","date_gmt":"2025-09-29T19:24:21","guid":{"rendered":"https:\/\/deportesram.cl\/?post_type=product&#038;p=6260"},"modified":"2026-03-26T16:46:53","modified_gmt":"2026-03-26T19:46:53","slug":"kettlebell-everlast-5-lb","status":"publish","type":"product","link":"https:\/\/deportesram.cl\/es_es\/producto\/kettlebell-everlast-5-lb\/","title":{"rendered":"Kettlebell Everlast 5 Lb"},"content":{"rendered":"<p>Pesa rusa kettlebell 5 Lb. Con un dise\u00f1o redondeado semejante a una bala de ca\u00f1\u00f3n las pesas rusas proporcionan a tu rutina de ejercicios agilidad y coordinaci\u00f3n. Fabricada en material vin\u00edlico de alta resistencia y durabilidad, con grip el dise\u00f1o del mango proporciona un agarre perfecto, material lavable.<\/p>\n","protected":false},"excerpt":{"rendered":"<p>Pesa rusa kettlebell 5 Lb. Con un dise\u00f1o redondeado semejante a una bala de ca\u00f1\u00f3n las pesas rusas proporcionan a tu rutina de ejercicios agilidad y coordinaci\u00f3n. Fabricada en material vin\u00edlico de alta resistencia y durabilidad, con grip el dise\u00f1o del mango proporciona un agarre perfecto, material lavable.<\/p>\n","protected":false},"featured_media":6261,"template":"","meta":[],"product_brand":[],"product_cat":[697,699],"product_tag":[],"class_list":{"0":"post-6260","1":"product","2":"type-product","3":"status-publish","4":"has-post-thumbnail","6":"product_cat-traje-sauna","7":"product_cat-pesa-rusa","9":"first","10":"outofstock","11":"taxable","12":"shipping-taxable","13":"purchasable","14":"product-type-simple"},"wc_booster_product_categories":[{"id":697,"name":"Fit"},{"id":699,"name":"Pesa Rusa"}],"wc_booster_product_price":"<span class=\"woocommerce-Price-amount amount\"><bdi><span class=\"woocommerce-Price-currencySymbol\">&#36;<\/span>10.990<\/bdi><\/span> <small class=\"woocommerce-price-suffix\">IVA Incluido<\/small>","wc_booster_product_rating":"","wc_booster_product_banner_img":false,"wc_booster_product_reviews":[],"wc_booster_product_stock_data":{"manage_stock":true,"total_stock":0,"sold_stock":0},"_links":{"self":[{"href":"https:\/\/deportesram.cl\/es_es\/wp-json\/wp\/v2\/product\/6260","targetHints":{"allow":["GET"]}}],"collection":[{"href":"https:\/\/deportesram.cl\/es_es\/wp-json\/wp\/v2\/product"}],"about":[{"href":"https:\/\/deportesram.cl\/es_es\/wp-json\/wp\/v2\/types\/product"}],"wp:featuredmedia":[{"embeddable":true,"href":"https:\/\/deportesram.cl\/es_es\/wp-json\/wp\/v2\/media\/6261"}],"wp:attachment":[{"href":"https:\/\/deportesram.cl\/es_es\/wp-json\/wp\/v2\/media?parent=6260"}],"wp:term":[{"taxonomy":"product_brand","embeddable":true,"href":"https:\/\/deportesram.cl\/es_es\/wp-json\/wp\/v2\/product_brand?post=6260"},{"taxonomy":"product_cat","embeddable":true,"href":"https:\/\/deportesram.cl\/es_es\/wp-json\/wp\/v2\/product_cat?post=6260"},{"taxonomy":"product_tag","embeddable":true,"href":"https:\/\/deportesram.cl\/es_es\/wp-json\/wp\/v2\/product_tag?post=6260"}],"curies":[{"name":"wp","href":"https:\/\/api.w.org\/{rel}","templated":true}]}}