{"id":6283,"date":"2025-09-30T12:56:08","date_gmt":"2025-09-30T15:56:08","guid":{"rendered":"https:\/\/deportesram.cl\/?post_type=product&#038;p=6283"},"modified":"2025-09-30T12:56:08","modified_gmt":"2025-09-30T15:56:08","slug":"red-badminton","status":"publish","type":"product","link":"https:\/\/deportesram.cl\/es_es\/producto\/red-badminton\/","title":{"rendered":"Red Badminton"},"content":{"rendered":"<p>RED de entrenamiento profesional, red de b\u00e1dminton est\u00e1ndar, red deportiva para b\u00e1dminton al aire libre, tenis, voleibol, reemplazo de red 6,2*0,64 M<\/p>\n","protected":false},"excerpt":{"rendered":"<p>RED de entrenamiento profesional, red de b\u00e1dminton est\u00e1ndar, red deportiva para b\u00e1dminton al aire libre, tenis, voleibol, reemplazo de red 6,2*0,64 M<\/p>\n","protected":false},"featured_media":6284,"template":"","meta":[],"product_brand":[],"product_cat":[554,557],"product_tag":[],"class_list":{"0":"post-6283","1":"product","2":"type-product","3":"status-publish","4":"has-post-thumbnail","6":"product_cat-badminton","7":"product_cat-redes","9":"first","10":"instock","11":"taxable","12":"shipping-taxable","13":"purchasable","14":"product-type-simple"},"wc_booster_product_categories":[{"id":554,"name":"B\u00e1dminton"},{"id":557,"name":"Redes"}],"wc_booster_product_price":"<span class=\"woocommerce-Price-amount amount\"><bdi><span class=\"woocommerce-Price-currencySymbol\">&#36;<\/span>17.990<\/bdi><\/span> <small class=\"woocommerce-price-suffix\">IVA Incluido<\/small>","wc_booster_product_rating":"","wc_booster_product_banner_img":false,"wc_booster_product_reviews":[],"wc_booster_product_stock_data":{"manage_stock":true,"total_stock":3,"sold_stock":0},"_links":{"self":[{"href":"https:\/\/deportesram.cl\/es_es\/wp-json\/wp\/v2\/product\/6283","targetHints":{"allow":["GET"]}}],"collection":[{"href":"https:\/\/deportesram.cl\/es_es\/wp-json\/wp\/v2\/product"}],"about":[{"href":"https:\/\/deportesram.cl\/es_es\/wp-json\/wp\/v2\/types\/product"}],"wp:featuredmedia":[{"embeddable":true,"href":"https:\/\/deportesram.cl\/es_es\/wp-json\/wp\/v2\/media\/6284"}],"wp:attachment":[{"href":"https:\/\/deportesram.cl\/es_es\/wp-json\/wp\/v2\/media?parent=6283"}],"wp:term":[{"taxonomy":"product_brand","embeddable":true,"href":"https:\/\/deportesram.cl\/es_es\/wp-json\/wp\/v2\/product_brand?post=6283"},{"taxonomy":"product_cat","embeddable":true,"href":"https:\/\/deportesram.cl\/es_es\/wp-json\/wp\/v2\/product_cat?post=6283"},{"taxonomy":"product_tag","embeddable":true,"href":"https:\/\/deportesram.cl\/es_es\/wp-json\/wp\/v2\/product_tag?post=6283"}],"curies":[{"name":"wp","href":"https:\/\/api.w.org\/{rel}","templated":true}]}}