{"id":6285,"date":"2025-09-30T13:11:04","date_gmt":"2025-09-30T16:11:04","guid":{"rendered":"https:\/\/deportesram.cl\/?post_type=product&#038;p=6285"},"modified":"2026-03-26T11:16:19","modified_gmt":"2026-03-26T14:16:19","slug":"soporte-red-ping-pong-profesional","status":"publish","type":"product","link":"https:\/\/deportesram.cl\/es_es\/producto\/soporte-red-ping-pong-profesional\/","title":{"rendered":"Soporte red ping pong Profesional"},"content":{"rendered":"<p>Soporte Red de Ping Pong Profesional Flott. Su dise\u00f1o permite una instalaci\u00f3n f\u00e1cil y r\u00e1pida. Se adapta de mejor a mesa de ping pong de distintos grosores. Su estructura ofrece una tensi\u00f3n de red segura y confiable. Incluye par de soportes. No incluye malla ni mesa de ping pong.<\/p>\n","protected":false},"excerpt":{"rendered":"<p>Soporte Red de Ping Pong Profesional Flott. Su dise\u00f1o permite una instalaci\u00f3n f\u00e1cil y r\u00e1pida. Se adapta de mejor a mesa de ping pong de distintos grosores. Su estructura ofrece una tensi\u00f3n de red segura y confiable. Incluye par de soportes. No incluye malla ni mesa de ping pong.<\/p>\n","protected":false},"featured_media":6287,"template":"","meta":[],"product_brand":[],"product_cat":[655],"product_tag":[],"class_list":{"0":"post-6285","1":"product","2":"type-product","3":"status-publish","4":"has-post-thumbnail","6":"product_cat-tenis","8":"first","9":"outofstock","10":"sale","11":"taxable","12":"shipping-taxable","13":"purchasable","14":"product-type-simple"},"wc_booster_product_categories":[{"id":655,"name":"Tenis"}],"wc_booster_product_price":"<span class=\"sale-price\"><del aria-hidden=\"true\"><span class=\"woocommerce-Price-amount amount\"><bdi><span class=\"woocommerce-Price-currencySymbol\">&#36;<\/span>15.990<\/bdi><\/span><\/del> <span class=\"screen-reader-text\">El precio original era: &#036;15.990.<\/span><ins aria-hidden=\"true\"><span class=\"woocommerce-Price-amount amount\"><bdi><span class=\"woocommerce-Price-currencySymbol\">&#36;<\/span>13.990<\/bdi><\/span><\/ins><span class=\"screen-reader-text\">El precio actual es: &#036;13.990.<\/span><\/span> <small class=\"woocommerce-price-suffix\">IVA Incluido<\/small>","wc_booster_product_rating":"","wc_booster_product_banner_img":false,"wc_booster_product_reviews":[],"wc_booster_product_stock_data":{"manage_stock":true,"total_stock":0,"sold_stock":0},"_links":{"self":[{"href":"https:\/\/deportesram.cl\/es_es\/wp-json\/wp\/v2\/product\/6285","targetHints":{"allow":["GET"]}}],"collection":[{"href":"https:\/\/deportesram.cl\/es_es\/wp-json\/wp\/v2\/product"}],"about":[{"href":"https:\/\/deportesram.cl\/es_es\/wp-json\/wp\/v2\/types\/product"}],"wp:featuredmedia":[{"embeddable":true,"href":"https:\/\/deportesram.cl\/es_es\/wp-json\/wp\/v2\/media\/6287"}],"wp:attachment":[{"href":"https:\/\/deportesram.cl\/es_es\/wp-json\/wp\/v2\/media?parent=6285"}],"wp:term":[{"taxonomy":"product_brand","embeddable":true,"href":"https:\/\/deportesram.cl\/es_es\/wp-json\/wp\/v2\/product_brand?post=6285"},{"taxonomy":"product_cat","embeddable":true,"href":"https:\/\/deportesram.cl\/es_es\/wp-json\/wp\/v2\/product_cat?post=6285"},{"taxonomy":"product_tag","embeddable":true,"href":"https:\/\/deportesram.cl\/es_es\/wp-json\/wp\/v2\/product_tag?post=6285"}],"curies":[{"name":"wp","href":"https:\/\/api.w.org\/{rel}","templated":true}]}}