{"id":6289,"date":"2025-09-30T13:19:08","date_gmt":"2025-09-30T16:19:08","guid":{"rendered":"https:\/\/deportesram.cl\/?post_type=product&#038;p=6289"},"modified":"2026-03-19T17:00:50","modified_gmt":"2026-03-19T20:00:50","slug":"pizarra-estrategica-de-volleyball-molten","status":"publish","type":"product","link":"https:\/\/deportesram.cl\/es_es\/producto\/pizarra-estrategica-de-volleyball-molten\/","title":{"rendered":"Pizarra Estrategica de Volleyball Molten"},"content":{"rendered":"<ul>\n<li>Mejora el desempe\u00f1o de tu equipo con la pizarra estrat\u00e9gica para t\u00e9cnicos Molten.<\/li>\n<li>Indispensable para dar a entender tus ideas de juego al borde la cancha y en los momentos claves!<\/li>\n<li>Medidas: 45 x 30,5 cm.<\/li>\n<\/ul>\n","protected":false},"excerpt":{"rendered":"<p>Mejora el desempe\u00f1o de tu equipo con la pizarra estrat\u00e9gica para t\u00e9cnicos Molten. Indispensable para dar a entender tus ideas de juego al borde la cancha y en los momentos claves! Medidas: 45 x 30,5 cm.<\/p>\n","protected":false},"featured_media":6290,"template":"","meta":[],"product_brand":[],"product_cat":[666,663],"product_tag":[],"class_list":{"0":"post-6289","1":"product","2":"type-product","3":"status-publish","4":"has-post-thumbnail","6":"product_cat-pizarra-tactica","7":"product_cat-voleibol","9":"first","10":"outofstock","11":"taxable","12":"shipping-taxable","13":"purchasable","14":"product-type-simple"},"wc_booster_product_categories":[{"id":666,"name":"Pizarra t\u00e1ctica"},{"id":663,"name":"Voleibol"}],"wc_booster_product_price":"<span class=\"woocommerce-Price-amount amount\"><bdi><span class=\"woocommerce-Price-currencySymbol\">&#36;<\/span>43.990<\/bdi><\/span> <small class=\"woocommerce-price-suffix\">IVA Incluido<\/small>","wc_booster_product_rating":"","wc_booster_product_banner_img":false,"wc_booster_product_reviews":[],"wc_booster_product_stock_data":{"manage_stock":true,"total_stock":0,"sold_stock":1},"_links":{"self":[{"href":"https:\/\/deportesram.cl\/es_es\/wp-json\/wp\/v2\/product\/6289","targetHints":{"allow":["GET"]}}],"collection":[{"href":"https:\/\/deportesram.cl\/es_es\/wp-json\/wp\/v2\/product"}],"about":[{"href":"https:\/\/deportesram.cl\/es_es\/wp-json\/wp\/v2\/types\/product"}],"wp:featuredmedia":[{"embeddable":true,"href":"https:\/\/deportesram.cl\/es_es\/wp-json\/wp\/v2\/media\/6290"}],"wp:attachment":[{"href":"https:\/\/deportesram.cl\/es_es\/wp-json\/wp\/v2\/media?parent=6289"}],"wp:term":[{"taxonomy":"product_brand","embeddable":true,"href":"https:\/\/deportesram.cl\/es_es\/wp-json\/wp\/v2\/product_brand?post=6289"},{"taxonomy":"product_cat","embeddable":true,"href":"https:\/\/deportesram.cl\/es_es\/wp-json\/wp\/v2\/product_cat?post=6289"},{"taxonomy":"product_tag","embeddable":true,"href":"https:\/\/deportesram.cl\/es_es\/wp-json\/wp\/v2\/product_tag?post=6289"}],"curies":[{"name":"wp","href":"https:\/\/api.w.org\/{rel}","templated":true}]}}