{"id":6293,"date":"2025-09-30T13:28:56","date_gmt":"2025-09-30T16:28:56","guid":{"rendered":"https:\/\/deportesram.cl\/?post_type=product&#038;p=6293"},"modified":"2025-09-30T13:28:56","modified_gmt":"2025-09-30T16:28:56","slug":"pizarra-tactica-magnetica-futbol-manual-reversible","status":"publish","type":"product","link":"https:\/\/deportesram.cl\/es_es\/producto\/pizarra-tactica-magnetica-futbol-manual-reversible\/","title":{"rendered":"Pizarra T\u00e1ctica Magn\u00e9tica F\u00fatbol Manual Reversible"},"content":{"rendered":"<p>Combinaci\u00f3n vers\u00e1til de pizarra y superficie magn\u00e9tica para un entrenamiento m\u00e1s organizado<\/p>\n<p>Tama\u00f1o Pizarra: Largo 45 x Alto 30 cm.<\/p>\n","protected":false},"excerpt":{"rendered":"<p>Combinaci\u00f3n vers\u00e1til de pizarra y superficie magn\u00e9tica para un entrenamiento m\u00e1s organizado Tama\u00f1o Pizarra: Largo 45 x Alto 30 cm.<\/p>\n","protected":false},"featured_media":6295,"template":"","meta":[],"product_brand":[],"product_cat":[672],"product_tag":[],"class_list":{"0":"post-6293","1":"product","2":"type-product","3":"status-publish","4":"has-post-thumbnail","6":"product_cat-futbol","8":"first","9":"instock","10":"taxable","11":"shipping-taxable","12":"purchasable","13":"product-type-simple"},"wc_booster_product_categories":[{"id":672,"name":"F\u00fatbol"}],"wc_booster_product_price":"<span class=\"woocommerce-Price-amount amount\"><bdi><span class=\"woocommerce-Price-currencySymbol\">&#36;<\/span>17.990<\/bdi><\/span> <small class=\"woocommerce-price-suffix\">IVA Incluido<\/small>","wc_booster_product_rating":"","wc_booster_product_banner_img":false,"wc_booster_product_reviews":[],"wc_booster_product_stock_data":{"manage_stock":true,"total_stock":3,"sold_stock":0},"_links":{"self":[{"href":"https:\/\/deportesram.cl\/es_es\/wp-json\/wp\/v2\/product\/6293","targetHints":{"allow":["GET"]}}],"collection":[{"href":"https:\/\/deportesram.cl\/es_es\/wp-json\/wp\/v2\/product"}],"about":[{"href":"https:\/\/deportesram.cl\/es_es\/wp-json\/wp\/v2\/types\/product"}],"wp:featuredmedia":[{"embeddable":true,"href":"https:\/\/deportesram.cl\/es_es\/wp-json\/wp\/v2\/media\/6295"}],"wp:attachment":[{"href":"https:\/\/deportesram.cl\/es_es\/wp-json\/wp\/v2\/media?parent=6293"}],"wp:term":[{"taxonomy":"product_brand","embeddable":true,"href":"https:\/\/deportesram.cl\/es_es\/wp-json\/wp\/v2\/product_brand?post=6293"},{"taxonomy":"product_cat","embeddable":true,"href":"https:\/\/deportesram.cl\/es_es\/wp-json\/wp\/v2\/product_cat?post=6293"},{"taxonomy":"product_tag","embeddable":true,"href":"https:\/\/deportesram.cl\/es_es\/wp-json\/wp\/v2\/product_tag?post=6293"}],"curies":[{"name":"wp","href":"https:\/\/api.w.org\/{rel}","templated":true}]}}