{"id":6303,"date":"2025-10-01T15:06:34","date_gmt":"2025-10-01T18:06:34","guid":{"rendered":"https:\/\/deportesram.cl\/?post_type=product&#038;p=6303"},"modified":"2025-10-01T15:06:34","modified_gmt":"2025-10-01T18:06:34","slug":"carpa-tunel-para-ninos","status":"publish","type":"product","link":"https:\/\/deportesram.cl\/es_es\/producto\/carpa-tunel-para-ninos\/","title":{"rendered":"Carpa T\u00fanel para ni\u00f1os"},"content":{"rendered":"<h4>Carpa T\u00fanel de Tela para Ni\u00f1os<\/h4>\n<ul>\n<li>T\u00fanel de Tela para Actividades y pr\u00e1cticas deportivas.<\/li>\n<li>Material: Tela Polyester \/ Alambre Acerado Flexible<\/li>\n<li>Medidas: 0,45 x 1.80 mts<\/li>\n<li>Peso: 580 grs.<\/li>\n<li>Apto para ni\u00f1as\/os a partir de los 3 a\u00f1os.<\/li>\n<li>Incluye funda con cierre y asas para llevarlo a donde quieras<\/li>\n<\/ul>\n","protected":false},"excerpt":{"rendered":"<p>Carpa T\u00fanel de Tela para Ni\u00f1os T\u00fanel de Tela para Actividades y pr\u00e1cticas deportivas. Material: Tela Polyester \/ Alambre Acerado Flexible Medidas: 0,45 x 1.80 mts Peso: 580 grs. Apto para ni\u00f1as\/os a partir de los 3 a\u00f1os. Incluye funda con cierre y asas para llevarlo a donde quieras<\/p>\n","protected":false},"featured_media":6304,"template":"","meta":[],"product_brand":[],"product_cat":[701,638],"product_tag":[],"class_list":{"0":"post-6303","1":"product","2":"type-product","3":"status-publish","4":"has-post-thumbnail","6":"product_cat-carpa-tunel","7":"product_cat-psicomotricidad-y-entrenamiento","9":"first","10":"instock","11":"taxable","12":"shipping-taxable","13":"purchasable","14":"product-type-simple"},"wc_booster_product_categories":[{"id":701,"name":"Carpa Tunel"},{"id":638,"name":"Psicomotricidad y Entrenamiento"}],"wc_booster_product_price":"<span class=\"woocommerce-Price-amount amount\"><bdi><span class=\"woocommerce-Price-currencySymbol\">&#36;<\/span>21.990<\/bdi><\/span> <small class=\"woocommerce-price-suffix\">IVA Incluido<\/small>","wc_booster_product_rating":"","wc_booster_product_banner_img":false,"wc_booster_product_reviews":[],"wc_booster_product_stock_data":{"manage_stock":true,"total_stock":20,"sold_stock":0},"_links":{"self":[{"href":"https:\/\/deportesram.cl\/es_es\/wp-json\/wp\/v2\/product\/6303","targetHints":{"allow":["GET"]}}],"collection":[{"href":"https:\/\/deportesram.cl\/es_es\/wp-json\/wp\/v2\/product"}],"about":[{"href":"https:\/\/deportesram.cl\/es_es\/wp-json\/wp\/v2\/types\/product"}],"wp:featuredmedia":[{"embeddable":true,"href":"https:\/\/deportesram.cl\/es_es\/wp-json\/wp\/v2\/media\/6304"}],"wp:attachment":[{"href":"https:\/\/deportesram.cl\/es_es\/wp-json\/wp\/v2\/media?parent=6303"}],"wp:term":[{"taxonomy":"product_brand","embeddable":true,"href":"https:\/\/deportesram.cl\/es_es\/wp-json\/wp\/v2\/product_brand?post=6303"},{"taxonomy":"product_cat","embeddable":true,"href":"https:\/\/deportesram.cl\/es_es\/wp-json\/wp\/v2\/product_cat?post=6303"},{"taxonomy":"product_tag","embeddable":true,"href":"https:\/\/deportesram.cl\/es_es\/wp-json\/wp\/v2\/product_tag?post=6303"}],"curies":[{"name":"wp","href":"https:\/\/api.w.org\/{rel}","templated":true}]}}