{"id":6318,"date":"2025-10-02T15:48:51","date_gmt":"2025-10-02T18:48:51","guid":{"rendered":"https:\/\/deportesram.cl\/?post_type=product&#038;p=6318"},"modified":"2026-03-26T11:47:08","modified_gmt":"2026-03-26T14:47:08","slug":"colchoneta-de-ejercicio-new-everlast-rojo","status":"publish","type":"product","link":"https:\/\/deportesram.cl\/es_es\/producto\/colchoneta-de-ejercicio-new-everlast-rojo\/","title":{"rendered":"Colchoneta De Ejercicio New Everlast Rojo"},"content":{"rendered":"<p>Colchoneta ideal para gimnasios con tela que garantiza una\u00a0<strong>superficie antideslizante<\/strong>\u00a0la cual otorga gran estabilidad.<\/p>\n<p>Acolchada para mayor comodidad y absorci\u00f3n de impactos. \u00datil para principiantes y avanzados.<\/p>\n<p><strong>Lavable<\/strong>. S\u00f3lo use jab\u00f3n y agua.<\/p>\n<ul>\n<li>Superficie antideslizante.<\/li>\n<li>Acolchada para mayor comodidad y absorci\u00f3n de impactos.<\/li>\n<li>Lavable. S\u00f3lo use jab\u00f3n y agua.<\/li>\n<li>Color Rojo<\/li>\n<li>Ecocuero<\/li>\n<\/ul>\n","protected":false},"excerpt":{"rendered":"<p>Colchoneta ideal para gimnasios con tela que garantiza una\u00a0superficie antideslizante\u00a0la cual otorga gran estabilidad. Acolchada para mayor comodidad y absorci\u00f3n de impactos. \u00datil para principiantes y avanzados. Lavable. S\u00f3lo use jab\u00f3n y agua. Superficie antideslizante. Acolchada para mayor comodidad y absorci\u00f3n de impactos. Lavable. S\u00f3lo use jab\u00f3n y agua. Color Rojo Ecocuero<\/p>\n","protected":false},"featured_media":6319,"template":"","meta":[],"product_brand":[],"product_cat":[589,586],"product_tag":[],"class_list":{"0":"post-6318","1":"product","2":"type-product","3":"status-publish","4":"has-post-thumbnail","6":"product_cat-colchonetas-y-colchoneton","7":"product_cat-gimnasia-ritmica-artistica","9":"first","10":"outofstock","11":"taxable","12":"shipping-taxable","13":"purchasable","14":"product-type-simple"},"wc_booster_product_categories":[{"id":589,"name":"Colchonetas y Colchonet\u00f3n"},{"id":586,"name":"Gimnasia R\u00edtmica \/ Art\u00edstica"}],"wc_booster_product_price":"<span class=\"woocommerce-Price-amount amount\"><bdi><span class=\"woocommerce-Price-currencySymbol\">&#36;<\/span>29.990<\/bdi><\/span> <small class=\"woocommerce-price-suffix\">IVA Incluido<\/small>","wc_booster_product_rating":"","wc_booster_product_banner_img":false,"wc_booster_product_reviews":[],"wc_booster_product_stock_data":{"manage_stock":true,"total_stock":0,"sold_stock":0},"_links":{"self":[{"href":"https:\/\/deportesram.cl\/es_es\/wp-json\/wp\/v2\/product\/6318","targetHints":{"allow":["GET"]}}],"collection":[{"href":"https:\/\/deportesram.cl\/es_es\/wp-json\/wp\/v2\/product"}],"about":[{"href":"https:\/\/deportesram.cl\/es_es\/wp-json\/wp\/v2\/types\/product"}],"wp:featuredmedia":[{"embeddable":true,"href":"https:\/\/deportesram.cl\/es_es\/wp-json\/wp\/v2\/media\/6319"}],"wp:attachment":[{"href":"https:\/\/deportesram.cl\/es_es\/wp-json\/wp\/v2\/media?parent=6318"}],"wp:term":[{"taxonomy":"product_brand","embeddable":true,"href":"https:\/\/deportesram.cl\/es_es\/wp-json\/wp\/v2\/product_brand?post=6318"},{"taxonomy":"product_cat","embeddable":true,"href":"https:\/\/deportesram.cl\/es_es\/wp-json\/wp\/v2\/product_cat?post=6318"},{"taxonomy":"product_tag","embeddable":true,"href":"https:\/\/deportesram.cl\/es_es\/wp-json\/wp\/v2\/product_tag?post=6318"}],"curies":[{"name":"wp","href":"https:\/\/api.w.org\/{rel}","templated":true}]}}