{"id":6328,"date":"2025-10-06T12:28:23","date_gmt":"2025-10-06T15:28:23","guid":{"rendered":"https:\/\/deportesram.cl\/?post_type=product&#038;p=6328"},"modified":"2026-04-24T14:34:25","modified_gmt":"2026-04-24T18:34:25","slug":"pala-de-padel-muuk-martin-pescador-diamante","status":"publish","type":"product","link":"https:\/\/deportesram.cl\/es_es\/producto\/pala-de-padel-muuk-martin-pescador-diamante\/","title":{"rendered":"Pala De Padel Muuk Martin Pescador Diamante"},"content":{"rendered":"<p>Pala de P\u00e1del Muuk Mart\u00edn Pescador Diamante<\/p>\n<p>La Pala de P\u00e1del Muuk Mart\u00edn Pescador con forma de diamante es la elecci\u00f3n perfecta para jugadores que buscan potencia y control en cada golpe. Dise\u00f1ada para un juego agresivo y dominante, esta pala combina caracter\u00edsticas que mejoran tu rendimiento en la cancha.<\/p>\n<p>Descubre la combinaci\u00f3n perfecta de potencia, precisi\u00f3n y estilo con la Pala de P\u00e1del Muuk Mart\u00edn Pescador. Domina cada partida con confianza y destreza en la cancha.<\/p>\n<p>Caracter\u00edsticas:<\/p>\n<p>\u2022 Forma Diamante: Favorece la potencia en los golpes, ideal para remates y golpes ofensivos. A pesar de su potencia, es manejable y c\u00f3moda gracias a su dise\u00f1o ergon\u00f3mico.<br \/>\n\u2022 Construcci\u00f3n Duradera: N\u00facleo de Black EVA que proporciona resistencia y durabilidad. Capa externa compuesta por un equilibrado 50% de fibra de vidrio y 50% de carbono, ofreciendo flexibilidad y rigidez necesarias para un juego preciso.<br \/>\n\u2022 Dise\u00f1o Inspirado en la Naturaleza: Dise\u00f1o vibrante inspirado en el mart\u00edn pescador, con fondo azul que simula el cielo y refleja la naturaleza del p\u00e1jaro chileno conocido por su colorido y habilidad para pescar.<br \/>\n\u2022 Espesor: 38 mm<\/p>\n","protected":false},"excerpt":{"rendered":"<p>Pala de P\u00e1del Muuk Mart\u00edn Pescador Diamante La Pala de P\u00e1del Muuk Mart\u00edn Pescador con forma de diamante es la elecci\u00f3n perfecta para jugadores que buscan potencia y control en cada golpe. Dise\u00f1ada para un juego agresivo y dominante, esta pala combina caracter\u00edsticas que mejoran tu rendimiento en la cancha. Descubre la combinaci\u00f3n perfecta de [&hellip;]<\/p>\n","protected":false},"featured_media":6329,"template":"","meta":[],"product_brand":[],"product_cat":[687],"product_tag":[],"class_list":{"0":"post-6328","1":"product","2":"type-product","3":"status-publish","4":"has-post-thumbnail","6":"product_cat-padel","8":"first","9":"instock","10":"sale","11":"taxable","12":"shipping-taxable","13":"purchasable","14":"product-type-simple"},"wc_booster_product_categories":[{"id":687,"name":"P\u00e1del"}],"wc_booster_product_price":"<span class=\"sale-price\"><del aria-hidden=\"true\"><span class=\"woocommerce-Price-amount amount\"><bdi><span class=\"woocommerce-Price-currencySymbol\">&#36;<\/span>99.990<\/bdi><\/span><\/del> <span class=\"screen-reader-text\">El precio original era: &#036;99.990.<\/span><ins aria-hidden=\"true\"><span class=\"woocommerce-Price-amount amount\"><bdi><span class=\"woocommerce-Price-currencySymbol\">&#36;<\/span>69.993<\/bdi><\/span><\/ins><span class=\"screen-reader-text\">El precio actual es: &#036;69.993.<\/span><\/span> <small class=\"woocommerce-price-suffix\">IVA Incluido<\/small>","wc_booster_product_rating":"","wc_booster_product_banner_img":false,"wc_booster_product_reviews":[],"wc_booster_product_stock_data":{"manage_stock":true,"total_stock":3,"sold_stock":0},"_links":{"self":[{"href":"https:\/\/deportesram.cl\/es_es\/wp-json\/wp\/v2\/product\/6328","targetHints":{"allow":["GET"]}}],"collection":[{"href":"https:\/\/deportesram.cl\/es_es\/wp-json\/wp\/v2\/product"}],"about":[{"href":"https:\/\/deportesram.cl\/es_es\/wp-json\/wp\/v2\/types\/product"}],"wp:featuredmedia":[{"embeddable":true,"href":"https:\/\/deportesram.cl\/es_es\/wp-json\/wp\/v2\/media\/6329"}],"wp:attachment":[{"href":"https:\/\/deportesram.cl\/es_es\/wp-json\/wp\/v2\/media?parent=6328"}],"wp:term":[{"taxonomy":"product_brand","embeddable":true,"href":"https:\/\/deportesram.cl\/es_es\/wp-json\/wp\/v2\/product_brand?post=6328"},{"taxonomy":"product_cat","embeddable":true,"href":"https:\/\/deportesram.cl\/es_es\/wp-json\/wp\/v2\/product_cat?post=6328"},{"taxonomy":"product_tag","embeddable":true,"href":"https:\/\/deportesram.cl\/es_es\/wp-json\/wp\/v2\/product_tag?post=6328"}],"curies":[{"name":"wp","href":"https:\/\/api.w.org\/{rel}","templated":true}]}}