{"id":6335,"date":"2025-10-06T12:50:29","date_gmt":"2025-10-06T15:50:29","guid":{"rendered":"https:\/\/deportesram.cl\/?post_type=product&#038;p=6335"},"modified":"2025-10-06T12:50:49","modified_gmt":"2025-10-06T15:50:49","slug":"pala-padel-vibes-2022-verde-drop-shot","status":"publish","type":"product","link":"https:\/\/deportesram.cl\/es_es\/producto\/pala-padel-vibes-2022-verde-drop-shot\/","title":{"rendered":"Pala P\u00e1del Vibes 2022 Verde Drop Shot"},"content":{"rendered":"<p>La pala de\u00a0<strong>padel Vibes de Drop Shot<\/strong>\u00a0es una pala de alta gama que combina potencia y control gracias a su<strong>\u00a0forma redonda<\/strong>, su n\u00facleo de goma EVA de alta densidad y su marco de carbono. Adem\u00e1s, cuenta con tecnolog\u00edas innovadoras que reducen las vibraciones y proporcionan una mayor comodidad durante el juego.<\/p>\n<p>Es una pala adecuada tanto para jugadores avanzados como para aquellos que buscan mejorar su juego<\/p>\n","protected":false},"excerpt":{"rendered":"<h2 class=\"mb-4 uppercase font-medium\">Especificaciones t\u00e9cnica<\/h2>\n<table class=\"w-full\">\n<thead>\n<tr>\n<th><span class=\"sr-only\">Carater\u00edstica<\/span><\/th>\n<th><span class=\"sr-only\">Valor<\/span><\/th>\n<\/tr>\n<\/thead>\n<tbody>\n<tr>\n<td class=\"w-1\/2 text-left py-2 border-dashed border-b border-gray-500 text-sm\">Forma<\/td>\n<td class=\"w-1\/2 text-right py-2 border-dashed border-b border-gray-500 text-sm\">L\u00e1grima<\/td>\n<\/tr>\n<tr>\n<td class=\"w-1\/2 text-left py-2 border-dashed border-b border-gray-500 text-sm\">Espesor<\/td>\n<td class=\"w-1\/2 text-right py-2 border-dashed border-b border-gray-500 text-sm\">38 mm<\/td>\n<\/tr>\n<tr>\n<td class=\"w-1\/2 text-left py-2 border-dashed border-b border-gray-500 text-sm\">Linea<\/td>\n<td class=\"w-1\/2 text-right py-2 border-dashed border-b border-gray-500 text-sm\">Essential<\/td>\n<\/tr>\n<tr>\n<td class=\"w-1\/2 text-left py-2 border-dashed border-b border-gray-500 text-sm\">Balance<\/td>\n<td class=\"w-1\/2 text-right py-2 border-dashed border-b border-gray-500 text-sm\">Bajo<\/td>\n<\/tr>\n<tr>\n<td class=\"w-1\/2 text-left py-2 border-dashed border-b border-gray-500 text-sm\">Marco<\/td>\n<td class=\"w-1\/2 text-right py-2 border-dashed border-b border-gray-500 text-sm\">Carbono Twin tubular<\/td>\n<\/tr>\n<tr>\n<td class=\"w-1\/2 text-left py-2 border-dashed border-b border-gray-500 text-sm\">Caras<\/td>\n<td class=\"w-1\/2 text-right py-2 border-dashed border-b border-gray-500 text-sm\">Fiber Glass Surface<\/td>\n<\/tr>\n<tr>\n<td class=\"w-1\/2 text-left py-2 border-dashed border-b border-gray-500 text-sm\">N\u00facleo<\/td>\n<td class=\"w-1\/2 text-right py-2 border-dashed border-b border-gray-500 text-sm\">Eva Soft<\/td>\n<\/tr>\n<tr>\n<td class=\"w-1\/2 text-left py-2 border-dashed border-b border-gray-500 text-sm\">Peso<\/td>\n<td class=\"w-1\/2 text-right py-2 border-dashed border-b border-gray-500 text-sm\">340-360 g<\/td>\n<\/tr>\n<tr>\n<td class=\"w-1\/2 text-left py-2 border-dashed border-b border-gray-500 text-sm\">Funda<\/td>\n<td class=\"w-1\/2 text-right py-2 border-dashed border-b border-gray-500 text-sm\">Si<\/td>\n<\/tr>\n<tr>\n<td class=\"w-1\/2 text-left py-2 border-dashed border-b border-gray-500 text-sm\">Tecnolog\u00edas<\/td>\n<td class=\"w-1\/2 text-right py-2 border-dashed border-b border-gray-500 text-sm\">Spin CoatingSilicone Grip ChannelCork Cushion GripSmart Holes System<\/td>\n<\/tr>\n<\/tbody>\n<\/table>\n","protected":false},"featured_media":6336,"template":"","meta":[],"product_brand":[],"product_cat":[687],"product_tag":[],"class_list":{"0":"post-6335","1":"product","2":"type-product","3":"status-publish","4":"has-post-thumbnail","6":"product_cat-padel","8":"first","9":"instock","10":"taxable","11":"shipping-taxable","12":"purchasable","13":"product-type-simple"},"wc_booster_product_categories":[{"id":687,"name":"P\u00e1del"}],"wc_booster_product_price":"<span class=\"woocommerce-Price-amount amount\"><bdi><span class=\"woocommerce-Price-currencySymbol\">&#36;<\/span>99.990<\/bdi><\/span> <small class=\"woocommerce-price-suffix\">IVA Incluido<\/small>","wc_booster_product_rating":"","wc_booster_product_banner_img":false,"wc_booster_product_reviews":[],"wc_booster_product_stock_data":{"manage_stock":true,"total_stock":1,"sold_stock":0},"_links":{"self":[{"href":"https:\/\/deportesram.cl\/es_es\/wp-json\/wp\/v2\/product\/6335","targetHints":{"allow":["GET"]}}],"collection":[{"href":"https:\/\/deportesram.cl\/es_es\/wp-json\/wp\/v2\/product"}],"about":[{"href":"https:\/\/deportesram.cl\/es_es\/wp-json\/wp\/v2\/types\/product"}],"wp:featuredmedia":[{"embeddable":true,"href":"https:\/\/deportesram.cl\/es_es\/wp-json\/wp\/v2\/media\/6336"}],"wp:attachment":[{"href":"https:\/\/deportesram.cl\/es_es\/wp-json\/wp\/v2\/media?parent=6335"}],"wp:term":[{"taxonomy":"product_brand","embeddable":true,"href":"https:\/\/deportesram.cl\/es_es\/wp-json\/wp\/v2\/product_brand?post=6335"},{"taxonomy":"product_cat","embeddable":true,"href":"https:\/\/deportesram.cl\/es_es\/wp-json\/wp\/v2\/product_cat?post=6335"},{"taxonomy":"product_tag","embeddable":true,"href":"https:\/\/deportesram.cl\/es_es\/wp-json\/wp\/v2\/product_tag?post=6335"}],"curies":[{"name":"wp","href":"https:\/\/api.w.org\/{rel}","templated":true}]}}