{"id":6343,"date":"2025-10-16T11:50:39","date_gmt":"2025-10-16T14:50:39","guid":{"rendered":"https:\/\/deportesram.cl\/?post_type=product&#038;p=6343"},"modified":"2025-10-16T11:50:40","modified_gmt":"2025-10-16T14:50:40","slug":"bate-nino-easton-homerun-smash-foam-pelota-incluida","status":"publish","type":"product","link":"https:\/\/deportesram.cl\/es_es\/producto\/bate-nino-easton-homerun-smash-foam-pelota-incluida\/","title":{"rendered":"Bate Ni\u00f1o Easton Homerun Smash Foam (Pelota incluida)"},"content":{"rendered":"<p>Este bate de pl\u00e1stico Monster Barrel recubierto de espuma est\u00e1 listo para lanzar pelotas por todo el patio. Este es un bate ideal para principiantes para poner en las manos de cualquier joven que acaba de empezar a aprender a golpear. Que empiece la diversi\u00f3n.<\/p>\n","protected":false},"excerpt":{"rendered":"<p>Este bate de pl\u00e1stico Monster Barrel recubierto de espuma est\u00e1 listo para lanzar pelotas por todo el patio. Este es un bate ideal para principiantes para poner en las manos de cualquier joven que acaba de empezar a aprender a golpear. Que empiece la diversi\u00f3n.<\/p>\n","protected":false},"featured_media":6344,"template":"","meta":[],"product_brand":[],"product_cat":[562],"product_tag":[],"class_list":{"0":"post-6343","1":"product","2":"type-product","3":"status-publish","4":"has-post-thumbnail","6":"product_cat-beisbol","8":"first","9":"instock","10":"sale","11":"taxable","12":"shipping-taxable","13":"purchasable","14":"product-type-simple"},"wc_booster_product_categories":[{"id":562,"name":"B\u00e9isbol"}],"wc_booster_product_price":"<span class=\"sale-price\"><del aria-hidden=\"true\"><span class=\"woocommerce-Price-amount amount\"><bdi><span class=\"woocommerce-Price-currencySymbol\">&#36;<\/span>19.990<\/bdi><\/span><\/del> <span class=\"screen-reader-text\">El precio original era: &#036;19.990.<\/span><ins aria-hidden=\"true\"><span class=\"woocommerce-Price-amount amount\"><bdi><span class=\"woocommerce-Price-currencySymbol\">&#36;<\/span>15.990<\/bdi><\/span><\/ins><span class=\"screen-reader-text\">El precio actual es: &#036;15.990.<\/span><\/span> <small class=\"woocommerce-price-suffix\">IVA Incluido<\/small>","wc_booster_product_rating":"","wc_booster_product_banner_img":false,"wc_booster_product_reviews":[],"wc_booster_product_stock_data":{"manage_stock":true,"total_stock":2,"sold_stock":0},"_links":{"self":[{"href":"https:\/\/deportesram.cl\/es_es\/wp-json\/wp\/v2\/product\/6343","targetHints":{"allow":["GET"]}}],"collection":[{"href":"https:\/\/deportesram.cl\/es_es\/wp-json\/wp\/v2\/product"}],"about":[{"href":"https:\/\/deportesram.cl\/es_es\/wp-json\/wp\/v2\/types\/product"}],"wp:featuredmedia":[{"embeddable":true,"href":"https:\/\/deportesram.cl\/es_es\/wp-json\/wp\/v2\/media\/6344"}],"wp:attachment":[{"href":"https:\/\/deportesram.cl\/es_es\/wp-json\/wp\/v2\/media?parent=6343"}],"wp:term":[{"taxonomy":"product_brand","embeddable":true,"href":"https:\/\/deportesram.cl\/es_es\/wp-json\/wp\/v2\/product_brand?post=6343"},{"taxonomy":"product_cat","embeddable":true,"href":"https:\/\/deportesram.cl\/es_es\/wp-json\/wp\/v2\/product_cat?post=6343"},{"taxonomy":"product_tag","embeddable":true,"href":"https:\/\/deportesram.cl\/es_es\/wp-json\/wp\/v2\/product_tag?post=6343"}],"curies":[{"name":"wp","href":"https:\/\/api.w.org\/{rel}","templated":true}]}}