{"id":6346,"date":"2025-10-16T13:16:56","date_gmt":"2025-10-16T16:16:56","guid":{"rendered":"https:\/\/deportesram.cl\/?post_type=product&#038;p=6346"},"modified":"2025-10-16T13:16:56","modified_gmt":"2025-10-16T16:16:56","slug":"disco-de-lanzamiento-0-75gr","status":"publish","type":"product","link":"https:\/\/deportesram.cl\/es_es\/producto\/disco-de-lanzamiento-0-75gr\/","title":{"rendered":"Disco de lanzamiento 0.75gr"},"content":{"rendered":"<p><strong>Caracter\u00edsticas:<\/strong><br \/>\n\u2013 Aptos para el aprendizaje en el lanzamiento de disco.<br \/>\n\u2013 Material de fabricaci\u00f3n: PVC.<br \/>\n\u2013 El lanzamiento de disco es una prueba del atletismo, donde el objetivo es lanzar un objeto pesado de secci\u00f3n circular lo m\u00e1s lejos posible.<br \/>\n\u2013 El disco se lanza desde un c\u00edrculo de 2.50 mt de di\u00e1metro y debe aterrizar dentro de un sector de \u00e1ngulo de 35\u00b0 32\u00ba.<br \/>\n\u2013 Ideales para escuelas de atletismo y formaci\u00f3n.<br \/>\n\u2013 Ofrecen gran resistencia y garantizan largas jornadas de uso durante tus entrenamientos de atletismo.<br \/>\n\u2013 El 70% del peso se encuentra distribuido en el borde.<br \/>\n\u2013 Pesos disponibles: 300, 550, 800 y 1000 grs.<\/p>\n","protected":false},"excerpt":{"rendered":"<p>Caracter\u00edsticas: \u2013 Aptos para el aprendizaje en el lanzamiento de disco. \u2013 Material de fabricaci\u00f3n: PVC. \u2013 El lanzamiento de disco es una prueba del atletismo, donde el objetivo es lanzar un objeto pesado de secci\u00f3n circular lo m\u00e1s lejos posible. \u2013 El disco se lanza desde un c\u00edrculo de 2.50 mt de di\u00e1metro y [&hellip;]<\/p>\n","protected":false},"featured_media":6347,"template":"","meta":[],"product_brand":[],"product_cat":[549,551],"product_tag":[],"class_list":{"0":"post-6346","1":"product","2":"type-product","3":"status-publish","4":"has-post-thumbnail","6":"product_cat-atletismo","7":"product_cat-lanzamientos","9":"first","10":"instock","11":"taxable","12":"shipping-taxable","13":"purchasable","14":"product-type-simple"},"wc_booster_product_categories":[{"id":549,"name":"Atletismo"},{"id":551,"name":"Lanzamientos"}],"wc_booster_product_price":"<span class=\"woocommerce-Price-amount amount\"><bdi><span class=\"woocommerce-Price-currencySymbol\">&#36;<\/span>5.990<\/bdi><\/span> <small class=\"woocommerce-price-suffix\">IVA Incluido<\/small>","wc_booster_product_rating":"","wc_booster_product_banner_img":false,"wc_booster_product_reviews":[],"wc_booster_product_stock_data":{"manage_stock":true,"total_stock":1,"sold_stock":0},"_links":{"self":[{"href":"https:\/\/deportesram.cl\/es_es\/wp-json\/wp\/v2\/product\/6346","targetHints":{"allow":["GET"]}}],"collection":[{"href":"https:\/\/deportesram.cl\/es_es\/wp-json\/wp\/v2\/product"}],"about":[{"href":"https:\/\/deportesram.cl\/es_es\/wp-json\/wp\/v2\/types\/product"}],"wp:featuredmedia":[{"embeddable":true,"href":"https:\/\/deportesram.cl\/es_es\/wp-json\/wp\/v2\/media\/6347"}],"wp:attachment":[{"href":"https:\/\/deportesram.cl\/es_es\/wp-json\/wp\/v2\/media?parent=6346"}],"wp:term":[{"taxonomy":"product_brand","embeddable":true,"href":"https:\/\/deportesram.cl\/es_es\/wp-json\/wp\/v2\/product_brand?post=6346"},{"taxonomy":"product_cat","embeddable":true,"href":"https:\/\/deportesram.cl\/es_es\/wp-json\/wp\/v2\/product_cat?post=6346"},{"taxonomy":"product_tag","embeddable":true,"href":"https:\/\/deportesram.cl\/es_es\/wp-json\/wp\/v2\/product_tag?post=6346"}],"curies":[{"name":"wp","href":"https:\/\/api.w.org\/{rel}","templated":true}]}}