{"id":6388,"date":"2025-11-27T16:18:42","date_gmt":"2025-11-27T19:18:42","guid":{"rendered":"https:\/\/deportesram.cl\/?post_type=product&#038;p=6388"},"modified":"2025-12-18T12:20:05","modified_gmt":"2025-12-18T15:20:05","slug":"red-de-badminton-red","status":"publish","type":"product","link":"https:\/\/deportesram.cl\/es_es\/producto\/red-de-badminton-red\/","title":{"rendered":"Red De B\u00e1dminton Red"},"content":{"rendered":"<p><b>Descripci\u00f3n:<\/b><\/p>\n<p>\u3010Tama\u00f1o est\u00e1ndar\u3011: esta red de b\u00e1dminton cumple con el tama\u00f1o est\u00e1ndar para competiciones de b\u00e1dminton, lo que la hace adecuada para partidos y sesiones de entrenamiento tanto en interiores como en exteriores. Tama\u00f1o 620 cm x 64 cm\/244,09 pulgadas x 25,20 pulgadas.<br \/>\n\u3010Dise\u00f1o port\u00e1til\u3011: con un dise\u00f1o port\u00e1til de red de b\u00e1dminton est\u00e1ndar, esta red es f\u00e1cil de configurar sin necesidad de herramientas adicionales, lo que ofrece comodidad y velocidad.<br \/>\n\u3010Material premium\u3011: la red de b\u00e1dminton est\u00e1ndar profesional est\u00e1 hecha de polipropileno, es resistente al desgaste, duradera y garantiza un uso prolongado.<br \/>\n\u3010Amplias aplicaciones\u3011: la red de b\u00e1dminton es adecuada para interiores y exteriores. Puedes jugar b\u00e1dminton, tenis, voleibol u otros deportes en cualquier momento que quieras, adecuados para entrenamiento y partidos, pero tambi\u00e9n para juegos deportivos recreativos.<br \/>\n\u3010Ampliamente utilizado\u3011: ideal para jugar b\u00e1dminton, tenis, pickleball, voleibol u otros deportes en la red con su familia o amigos, \u00a1disfrute de deportes y juegos divertidos!<\/p>\n<p><b>Especificaci\u00f3n:<\/b><\/p>\n<p>Material: polipropileno<\/p>\n<p><b>Carta del tama\u00f1o:<\/b><\/p>\n<p>620 cm x 64 cm\/244,09 pulgadas x 25,20 pulgadas<\/p>\n<p><b>El paquete incluye:<\/b><\/p>\n<p>1 red de b\u00e1dminton<\/p>\n","protected":false},"excerpt":{"rendered":"<p>Descripci\u00f3n: \u3010Tama\u00f1o est\u00e1ndar\u3011: esta red de b\u00e1dminton cumple con el tama\u00f1o est\u00e1ndar para competiciones de b\u00e1dminton, lo que la hace adecuada para partidos y sesiones de entrenamiento tanto en interiores como en exteriores. Tama\u00f1o 620 cm x 64 cm\/244,09 pulgadas x 25,20 pulgadas. \u3010Dise\u00f1o port\u00e1til\u3011: con un dise\u00f1o port\u00e1til de red de b\u00e1dminton est\u00e1ndar, esta [&hellip;]<\/p>\n","protected":false},"featured_media":6389,"template":"","meta":[],"product_brand":[],"product_cat":[554,557],"product_tag":[],"class_list":{"0":"post-6388","1":"product","2":"type-product","3":"status-publish","4":"has-post-thumbnail","6":"product_cat-badminton","7":"product_cat-redes","9":"first","10":"outofstock","11":"taxable","12":"shipping-taxable","13":"purchasable","14":"product-type-simple"},"wc_booster_product_categories":[{"id":554,"name":"B\u00e1dminton"},{"id":557,"name":"Redes"}],"wc_booster_product_price":"<span class=\"woocommerce-Price-amount amount\"><bdi><span class=\"woocommerce-Price-currencySymbol\">&#36;<\/span>17.990<\/bdi><\/span> <small class=\"woocommerce-price-suffix\">IVA Incluido<\/small>","wc_booster_product_rating":"","wc_booster_product_banner_img":false,"wc_booster_product_reviews":[],"wc_booster_product_stock_data":{"manage_stock":true,"total_stock":0,"sold_stock":0},"_links":{"self":[{"href":"https:\/\/deportesram.cl\/es_es\/wp-json\/wp\/v2\/product\/6388","targetHints":{"allow":["GET"]}}],"collection":[{"href":"https:\/\/deportesram.cl\/es_es\/wp-json\/wp\/v2\/product"}],"about":[{"href":"https:\/\/deportesram.cl\/es_es\/wp-json\/wp\/v2\/types\/product"}],"wp:featuredmedia":[{"embeddable":true,"href":"https:\/\/deportesram.cl\/es_es\/wp-json\/wp\/v2\/media\/6389"}],"wp:attachment":[{"href":"https:\/\/deportesram.cl\/es_es\/wp-json\/wp\/v2\/media?parent=6388"}],"wp:term":[{"taxonomy":"product_brand","embeddable":true,"href":"https:\/\/deportesram.cl\/es_es\/wp-json\/wp\/v2\/product_brand?post=6388"},{"taxonomy":"product_cat","embeddable":true,"href":"https:\/\/deportesram.cl\/es_es\/wp-json\/wp\/v2\/product_cat?post=6388"},{"taxonomy":"product_tag","embeddable":true,"href":"https:\/\/deportesram.cl\/es_es\/wp-json\/wp\/v2\/product_tag?post=6388"}],"curies":[{"name":"wp","href":"https:\/\/api.w.org\/{rel}","templated":true}]}}