{"id":6398,"date":"2025-12-18T13:50:47","date_gmt":"2025-12-18T16:50:47","guid":{"rendered":"https:\/\/deportesram.cl\/?post_type=product&#038;p=6398"},"modified":"2025-12-18T13:50:48","modified_gmt":"2025-12-18T16:50:48","slug":"peso-munequera-tobillera-torpedo-2x1-5kg","status":"publish","type":"product","link":"https:\/\/deportesram.cl\/es_es\/producto\/peso-munequera-tobillera-torpedo-2x1-5kg\/","title":{"rendered":"PESO MU\u00d1EQUERA\/TOBILLERA TORPEDO 2&#215;1.5KG"},"content":{"rendered":"<p>Realiza tu entrenamiento con este par de pesas de tobillo, quemando m\u00e1s calor\u00edas y aumentando la efectividad . Este vers\u00e1til par de pesas en los tobillos se puede usar para agregar resistencia a una variedad de entrenamientos, incluidos los ejercicios para caminar, tonificar y estirar, y casi cualquier otro ejercicio que desee hacer m\u00e1s desafiante. El peso adicional proporcionado por estos pesos ajustables en el tobillo puede ayudar a aumentar la tonificaci\u00f3n y mejorar la flexibilidad y el rango de movimiento.<\/p>\n","protected":false},"excerpt":{"rendered":"<p>Realiza tu entrenamiento con este par de pesas de tobillo, quemando m\u00e1s calor\u00edas y aumentando la efectividad . Este vers\u00e1til par de pesas en los tobillos se puede usar para agregar resistencia a una variedad de entrenamientos, incluidos los ejercicios para caminar, tonificar y estirar, y casi cualquier otro ejercicio que desee hacer m\u00e1s desafiante. [&hellip;]<\/p>\n","protected":false},"featured_media":6397,"template":"","meta":[],"product_brand":[],"product_cat":[576,704],"product_tag":[],"class_list":{"0":"post-6398","1":"product","2":"type-product","3":"status-publish","4":"has-post-thumbnail","6":"product_cat-crossfit","7":"product_cat-peso-tobillo-muneca","9":"first","10":"instock","11":"taxable","12":"shipping-taxable","13":"purchasable","14":"product-type-simple"},"wc_booster_product_categories":[{"id":576,"name":"Crossfit"},{"id":704,"name":"Peso Tobillo\/Mu\u00f1eca"}],"wc_booster_product_price":"<span class=\"woocommerce-Price-amount amount\"><bdi><span class=\"woocommerce-Price-currencySymbol\">&#36;<\/span>11.990<\/bdi><\/span> <small class=\"woocommerce-price-suffix\">IVA Incluido<\/small>","wc_booster_product_rating":"","wc_booster_product_banner_img":false,"wc_booster_product_reviews":[],"wc_booster_product_stock_data":{"manage_stock":true,"total_stock":1,"sold_stock":0},"_links":{"self":[{"href":"https:\/\/deportesram.cl\/es_es\/wp-json\/wp\/v2\/product\/6398","targetHints":{"allow":["GET"]}}],"collection":[{"href":"https:\/\/deportesram.cl\/es_es\/wp-json\/wp\/v2\/product"}],"about":[{"href":"https:\/\/deportesram.cl\/es_es\/wp-json\/wp\/v2\/types\/product"}],"wp:featuredmedia":[{"embeddable":true,"href":"https:\/\/deportesram.cl\/es_es\/wp-json\/wp\/v2\/media\/6397"}],"wp:attachment":[{"href":"https:\/\/deportesram.cl\/es_es\/wp-json\/wp\/v2\/media?parent=6398"}],"wp:term":[{"taxonomy":"product_brand","embeddable":true,"href":"https:\/\/deportesram.cl\/es_es\/wp-json\/wp\/v2\/product_brand?post=6398"},{"taxonomy":"product_cat","embeddable":true,"href":"https:\/\/deportesram.cl\/es_es\/wp-json\/wp\/v2\/product_cat?post=6398"},{"taxonomy":"product_tag","embeddable":true,"href":"https:\/\/deportesram.cl\/es_es\/wp-json\/wp\/v2\/product_tag?post=6398"}],"curies":[{"name":"wp","href":"https:\/\/api.w.org\/{rel}","templated":true}]}}