{"id":6415,"date":"2026-03-19T12:15:44","date_gmt":"2026-03-19T15:15:44","guid":{"rendered":"https:\/\/deportesram.cl\/?post_type=product&#038;p=6415"},"modified":"2026-03-19T12:24:32","modified_gmt":"2026-03-19T15:24:32","slug":"cono-perforado-38cm-2-unidades-estaca-set-lss","status":"publish","type":"product","link":"https:\/\/deportesram.cl\/es_es\/producto\/cono-perforado-38cm-2-unidades-estaca-set-lss\/","title":{"rendered":"Cono Perforado Set 38cm 2 Unidades + 1 Estaca Lss"},"content":{"rendered":"<p>Se colocan conos en diferentes posiciones y con diferentes patrones, con el objetivo de correr esos patrones con la mayor rapidez.<\/p>\n<p>Los ejercicios de entrenamiento de velocidad y agilidad con conos est\u00e1n dise\u00f1ados para trabajar todos los m\u00fasculos de la pierna y nuestra zona central del cuerpo (n\u00facleo), as\u00ed como los tendones de tu cuerpo, son ejercicios espec\u00edficos para potenciar tus piernas y la fuerza explosiva, lo que permite mejorar las frenadas y aceleraciones.<\/p>\n<p>Caracter\u00edsticas:<\/p>\n<ul>\n<li>Medidas: 30 cm Alto x 23cm ancho<\/li>\n<li>Bast\u00f3n, Slalom de 100cm .<\/li>\n<\/ul>\n<p><strong>SE ENV\u00cdAN COLORES VARIADOS SEG\u00daN DISPONIBILIDAD DE STOCK\u00a0<\/strong><\/p>\n<p>&nbsp;<\/p>\n","protected":false},"excerpt":{"rendered":"<p>Se colocan conos en diferentes posiciones y con diferentes patrones, con el objetivo de correr esos patrones con la mayor rapidez. Los ejercicios de entrenamiento de velocidad y agilidad con conos est\u00e1n dise\u00f1ados para trabajar todos los m\u00fasculos de la pierna y nuestra zona central del cuerpo (n\u00facleo), as\u00ed como los tendones de tu cuerpo, [&hellip;]<\/p>\n","protected":false},"featured_media":6416,"template":"","meta":[],"product_brand":[],"product_cat":[705],"product_tag":[],"class_list":{"0":"post-6415","1":"product","2":"type-product","3":"status-publish","4":"has-post-thumbnail","6":"product_cat-entrenamiento","8":"first","9":"instock","10":"taxable","11":"shipping-taxable","12":"purchasable","13":"product-type-simple"},"wc_booster_product_categories":[{"id":705,"name":"Entrenamiento"}],"wc_booster_product_price":"<span class=\"woocommerce-Price-amount amount\"><bdi><span class=\"woocommerce-Price-currencySymbol\">&#36;<\/span>9.990<\/bdi><\/span> <small class=\"woocommerce-price-suffix\">IVA Incluido<\/small>","wc_booster_product_rating":"","wc_booster_product_banner_img":false,"wc_booster_product_reviews":[],"wc_booster_product_stock_data":{"manage_stock":false,"total_stock":null,"sold_stock":0},"_links":{"self":[{"href":"https:\/\/deportesram.cl\/es_es\/wp-json\/wp\/v2\/product\/6415","targetHints":{"allow":["GET"]}}],"collection":[{"href":"https:\/\/deportesram.cl\/es_es\/wp-json\/wp\/v2\/product"}],"about":[{"href":"https:\/\/deportesram.cl\/es_es\/wp-json\/wp\/v2\/types\/product"}],"wp:featuredmedia":[{"embeddable":true,"href":"https:\/\/deportesram.cl\/es_es\/wp-json\/wp\/v2\/media\/6416"}],"wp:attachment":[{"href":"https:\/\/deportesram.cl\/es_es\/wp-json\/wp\/v2\/media?parent=6415"}],"wp:term":[{"taxonomy":"product_brand","embeddable":true,"href":"https:\/\/deportesram.cl\/es_es\/wp-json\/wp\/v2\/product_brand?post=6415"},{"taxonomy":"product_cat","embeddable":true,"href":"https:\/\/deportesram.cl\/es_es\/wp-json\/wp\/v2\/product_cat?post=6415"},{"taxonomy":"product_tag","embeddable":true,"href":"https:\/\/deportesram.cl\/es_es\/wp-json\/wp\/v2\/product_tag?post=6415"}],"curies":[{"name":"wp","href":"https:\/\/api.w.org\/{rel}","templated":true}]}}