{"id":6425,"date":"2026-03-19T13:33:32","date_gmt":"2026-03-19T16:33:32","guid":{"rendered":"https:\/\/deportesram.cl\/?post_type=product&#038;p=6425"},"modified":"2026-03-19T13:35:53","modified_gmt":"2026-03-19T16:35:53","slug":"cono-de-entrenamiento-set-10unidades-23cm","status":"publish","type":"product","link":"https:\/\/deportesram.cl\/es_es\/producto\/cono-de-entrenamiento-set-10unidades-23cm\/","title":{"rendered":"Cono De Entrenamiento Set 10Unidades 23cm"},"content":{"rendered":"<section class=\"elementor-section elementor-top-section elementor-element elementor-element-562428a elementor-reverse-mobile elementor-section-boxed elementor-section-height-default elementor-section-height-default\" data-id=\"562428a\" data-element_type=\"section\" data-e-type=\"section\">\n<div class=\"elementor-container elementor-column-gap-default\">\n<div class=\"elementor-column elementor-col-100 elementor-top-column elementor-element elementor-element-849fa95\" data-id=\"849fa95\" data-element_type=\"column\" data-e-type=\"column\" data-settings=\"{&quot;background_background&quot;:&quot;classic&quot;}\">\n<div class=\"elementor-widget-wrap elementor-element-populated\">\n<div class=\"elementor-element elementor-element-e24b901 wd-single-content elementor-widget elementor-widget-wd_single_product_content\" data-id=\"e24b901\" data-element_type=\"widget\" data-e-type=\"widget\" data-widget_type=\"wd_single_product_content.default\">\n<div class=\"elementor-widget-container\">\n<p class=\"\" data-start=\"416\" data-end=\"717\">Mejora tu rendimiento deportivo con este pack de 10 conos de entrenamiento de 23 cm, dise\u00f1ados para ejercicios de agilidad, velocidad y fuerza explosiva. Util\u00edzalos para crear circuitos con patrones variados que te ayuden a mejorar tu aceleraci\u00f3n, frenado, coordinaci\u00f3n y respuesta motriz.<\/p>\n<p class=\"\" data-start=\"719\" data-end=\"969\">Este tipo de entrenamiento no solo potencia las piernas, sino que tambi\u00e9n fortalece el Core (zona central del cuerpo) y los tendones, fundamentales para mejorar tu desempe\u00f1o en deportes como f\u00fatbol, b\u00e1squetbol, ciclismo, atletismo o patinaje.<\/p>\n<h5 data-start=\"971\" data-end=\"998\"><strong data-start=\"977\" data-end=\"998\">Especificaciones:<\/strong><\/h5>\n<ul data-start=\"999\" data-end=\"1238\">\n<li class=\"\" data-start=\"999\" data-end=\"1020\">\n<p class=\"\" data-start=\"1001\" data-end=\"1020\">Altura: 23 cm<\/p>\n<\/li>\n<li class=\"\" data-start=\"1021\" data-end=\"1051\">\n<p class=\"\" data-start=\"1023\" data-end=\"1051\">Base: 13,5 cm de ancho<\/p>\n<\/li>\n<li class=\"\" data-start=\"1052\" data-end=\"1078\">\n<p class=\"\" data-start=\"1054\" data-end=\"1078\">Cantidad: 10 conos<\/p>\n<\/li>\n<li class=\"\" data-start=\"1171\" data-end=\"1238\">\n<p class=\"\" data-start=\"1173\" data-end=\"1238\">Material: Pl\u00e1stico resistente, liviano y f\u00e1cil de transportar<\/p>\n<\/li>\n<\/ul>\n<h5 data-start=\"1240\" data-end=\"1266\"><strong data-start=\"1251\" data-end=\"1266\">Ideal para:<\/strong><\/h5>\n<ul data-start=\"1267\" data-end=\"1470\">\n<li class=\"\" data-start=\"1267\" data-end=\"1337\">\n<p class=\"\" data-start=\"1269\" data-end=\"1337\">Ejercicios de velocidad, agilidad, coordinaci\u00f3n y fuerza explosiva<\/p>\n<\/li>\n<li class=\"\" data-start=\"1338\" data-end=\"1401\">\n<p class=\"\" data-start=\"1340\" data-end=\"1401\">Entrenamientos funcionales en academias, escuelas o en casa<\/p>\n<\/li>\n<li class=\"\" data-start=\"1402\" data-end=\"1470\">\n<p class=\"\" data-start=\"1404\" data-end=\"1470\">Deportes como f\u00fatbol, b\u00e1squet, ciclismo, patinaje, atletismo y m\u00e1s<\/p>\n<\/li>\n<\/ul>\n<p class=\"\" data-start=\"1472\" data-end=\"1654\">Un accesorio esencial para entrenadores, deportistas y entusiastas del fitness que buscan resultados reales. \u00a1Lleva tus rutinas al m\u00e1ximo nivel con este vers\u00e1til set de conos!<\/p>\n<\/div>\n<\/div>\n<\/div>\n<\/div>\n<\/div>\n<\/section>\n<section class=\"wd-negative-gap elementor-section elementor-top-section elementor-element elementor-element-19ae024 elementor-section-boxed elementor-section-height-default elementor-section-height-default\" data-id=\"19ae024\" data-element_type=\"section\" data-e-type=\"section\">\n<div class=\"elementor-container elementor-column-gap-default\">\n<div class=\"elementor-column elementor-col-100 elementor-top-column elementor-element elementor-element-4189985\" data-id=\"4189985\" data-element_type=\"column\" data-e-type=\"column\"><\/div>\n<\/div>\n<\/section>\n","protected":false},"excerpt":{"rendered":"<p>Mejora tu rendimiento deportivo con este pack de 10 conos de entrenamiento de 23 cm, dise\u00f1ados para ejercicios de agilidad, velocidad y fuerza explosiva. Util\u00edzalos para crear circuitos con patrones variados que te ayuden a mejorar tu aceleraci\u00f3n, frenado, coordinaci\u00f3n y respuesta motriz. Este tipo de entrenamiento no solo potencia las piernas, sino que tambi\u00e9n [&hellip;]<\/p>\n","protected":false},"featured_media":6426,"template":"","meta":[],"product_brand":[],"product_cat":[705],"product_tag":[],"class_list":{"0":"post-6425","1":"product","2":"type-product","3":"status-publish","4":"has-post-thumbnail","6":"product_cat-entrenamiento","8":"first","9":"instock","10":"taxable","11":"shipping-taxable","12":"purchasable","13":"product-type-simple"},"wc_booster_product_categories":[{"id":705,"name":"Entrenamiento"}],"wc_booster_product_price":"<span class=\"woocommerce-Price-amount amount\"><bdi><span class=\"woocommerce-Price-currencySymbol\">&#36;<\/span>9.990<\/bdi><\/span> <small class=\"woocommerce-price-suffix\">IVA Incluido<\/small>","wc_booster_product_rating":"","wc_booster_product_banner_img":false,"wc_booster_product_reviews":[],"wc_booster_product_stock_data":{"manage_stock":false,"total_stock":null,"sold_stock":0},"_links":{"self":[{"href":"https:\/\/deportesram.cl\/es_es\/wp-json\/wp\/v2\/product\/6425","targetHints":{"allow":["GET"]}}],"collection":[{"href":"https:\/\/deportesram.cl\/es_es\/wp-json\/wp\/v2\/product"}],"about":[{"href":"https:\/\/deportesram.cl\/es_es\/wp-json\/wp\/v2\/types\/product"}],"wp:featuredmedia":[{"embeddable":true,"href":"https:\/\/deportesram.cl\/es_es\/wp-json\/wp\/v2\/media\/6426"}],"wp:attachment":[{"href":"https:\/\/deportesram.cl\/es_es\/wp-json\/wp\/v2\/media?parent=6425"}],"wp:term":[{"taxonomy":"product_brand","embeddable":true,"href":"https:\/\/deportesram.cl\/es_es\/wp-json\/wp\/v2\/product_brand?post=6425"},{"taxonomy":"product_cat","embeddable":true,"href":"https:\/\/deportesram.cl\/es_es\/wp-json\/wp\/v2\/product_cat?post=6425"},{"taxonomy":"product_tag","embeddable":true,"href":"https:\/\/deportesram.cl\/es_es\/wp-json\/wp\/v2\/product_tag?post=6425"}],"curies":[{"name":"wp","href":"https:\/\/api.w.org\/{rel}","templated":true}]}}