{"id":6429,"date":"2026-03-19T14:00:15","date_gmt":"2026-03-19T17:00:15","guid":{"rendered":"https:\/\/deportesram.cl\/?post_type=product&#038;p=6429"},"modified":"2026-03-19T15:20:13","modified_gmt":"2026-03-19T18:20:13","slug":"cono-18cm-set-10unidades-lss","status":"publish","type":"product","link":"https:\/\/deportesram.cl\/es_es\/producto\/cono-18cm-set-10unidades-lss\/","title":{"rendered":"Cono 18cm Set 10Unidades Lss"},"content":{"rendered":"<section class=\"elementor-section elementor-top-section elementor-element elementor-element-562428a elementor-reverse-mobile elementor-section-boxed elementor-section-height-default elementor-section-height-default\" data-id=\"562428a\" data-element_type=\"section\" data-e-type=\"section\">\n<div class=\"elementor-container elementor-column-gap-default\">\n<div class=\"elementor-column elementor-col-100 elementor-top-column elementor-element elementor-element-849fa95\" data-id=\"849fa95\" data-element_type=\"column\" data-e-type=\"column\" data-settings=\"{&quot;background_background&quot;:&quot;classic&quot;}\">\n<div class=\"elementor-widget-wrap elementor-element-populated\">\n<div class=\"elementor-element elementor-element-e24b901 wd-single-content elementor-widget elementor-widget-wd_single_product_content\" data-id=\"e24b901\" data-element_type=\"widget\" data-e-type=\"widget\" data-widget_type=\"wd_single_product_content.default\">\n<div class=\"elementor-widget-container\">\n<p class=\"\" data-start=\"444\" data-end=\"784\">Mejora tu rendimiento f\u00edsico con este pack de 10 conos de tr\u00e1fico para entrenamiento deportivo, ideales para ejercicios de velocidad, agilidad y fuerza explosiva. Col\u00f3calos en distintas posiciones y patrones para crear circuitos din\u00e1micos que te ayuden a desarrollar una mayor capacidad de reacci\u00f3n, control corporal y coordinaci\u00f3n.<\/p>\n<p class=\"\" data-start=\"786\" data-end=\"1115\">Perfectos para entrenamientos de potencia en piernas, frenadas, aceleraciones y cambios de direcci\u00f3n. Este tipo de ejercicios no solo trabajan todos los m\u00fasculos de las piernas, sino tambi\u00e9n el Core (zona central del cuerpo) y los tendones, fortaleciendo todo el sistema muscular implicado en el movimiento deportivo.<\/p>\n<h5 data-start=\"1117\" data-end=\"1144\"><strong data-start=\"1123\" data-end=\"1144\">Especificaciones:<\/strong><\/h5>\n<ul data-start=\"1145\" data-end=\"1330\">\n<li class=\"\" data-start=\"1145\" data-end=\"1166\">\n<p class=\"\" data-start=\"1147\" data-end=\"1166\">Altura: 18 cm<\/p>\n<\/li>\n<li class=\"\" data-start=\"1167\" data-end=\"1197\">\n<p class=\"\" data-start=\"1169\" data-end=\"1197\">Base: 13,5 cm de ancho<\/p>\n<\/li>\n<li class=\"\" data-start=\"1198\" data-end=\"1224\">\n<p class=\"\" data-start=\"1200\" data-end=\"1224\">Cantidad: 10 conos<\/p>\n<\/li>\n<li class=\"\" data-start=\"1225\" data-end=\"1282\">\n<p class=\"\" data-start=\"1227\" data-end=\"1282\">Colores: Surtidos (seg\u00fan disponibilidad de stock)<\/p>\n<\/li>\n<li class=\"\" data-start=\"1283\" data-end=\"1330\">\n<p class=\"\" data-start=\"1285\" data-end=\"1330\">Material: Pl\u00e1stico liviano y resistente<\/p>\n<\/li>\n<li data-start=\"1283\" data-end=\"1330\">Bolso de traslado<\/li>\n<\/ul>\n<h5 data-start=\"1332\" data-end=\"1355\"><strong data-start=\"1340\" data-end=\"1355\">Ideal para:<\/strong><\/h5>\n<ul data-start=\"1356\" data-end=\"1536\">\n<li class=\"\" data-start=\"1356\" data-end=\"1401\">\n<p class=\"\" data-start=\"1358\" data-end=\"1401\">F\u00fatbol, b\u00e1squet, patinaje, ciclismo y m\u00e1s<\/p>\n<\/li>\n<li class=\"\" data-start=\"1402\" data-end=\"1468\">\n<p class=\"\" data-start=\"1404\" data-end=\"1468\">Ejercicios de agilidad, coordinaci\u00f3n y entrenamiento funcional<\/p>\n<\/li>\n<li class=\"\" data-start=\"1469\" data-end=\"1536\">\n<p class=\"\" data-start=\"1471\" data-end=\"1536\">Uso en escuelas, academias deportivas y entrenamientos personales<\/p>\n<\/li>\n<\/ul>\n<p class=\"\" data-start=\"1538\" data-end=\"1648\">\u00a1Lleva tu entrenamiento al siguiente nivel con estos conos pr\u00e1cticos, vers\u00e1tiles y f\u00e1ciles de transportar!<\/p>\n<\/div>\n<\/div>\n<\/div>\n<\/div>\n<\/div>\n<\/section>\n<section class=\"wd-negative-gap elementor-section elementor-top-section elementor-element elementor-element-19ae024 elementor-section-boxed elementor-section-height-default elementor-section-height-default\" data-id=\"19ae024\" data-element_type=\"section\" data-e-type=\"section\">\n<div class=\"elementor-container elementor-column-gap-default\">\n<div class=\"elementor-column elementor-col-100 elementor-top-column elementor-element elementor-element-4189985\" data-id=\"4189985\" data-element_type=\"column\" data-e-type=\"column\"><\/div>\n<\/div>\n<\/section>\n","protected":false},"excerpt":{"rendered":"<p>Mejora tu rendimiento f\u00edsico con este pack de 10 conos de tr\u00e1fico para entrenamiento deportivo, ideales para ejercicios de velocidad, agilidad y fuerza explosiva. Col\u00f3calos en distintas posiciones y patrones para crear circuitos din\u00e1micos que te ayuden a desarrollar una mayor capacidad de reacci\u00f3n, control corporal y coordinaci\u00f3n. Perfectos para entrenamientos de potencia en piernas, [&hellip;]<\/p>\n","protected":false},"featured_media":6430,"template":"","meta":[],"product_brand":[],"product_cat":[705],"product_tag":[],"class_list":{"0":"post-6429","1":"product","2":"type-product","3":"status-publish","4":"has-post-thumbnail","6":"product_cat-entrenamiento","8":"first","9":"instock","10":"taxable","11":"shipping-taxable","12":"purchasable","13":"product-type-simple"},"wc_booster_product_categories":[{"id":705,"name":"Entrenamiento"}],"wc_booster_product_price":"<span class=\"woocommerce-Price-amount amount\"><bdi><span class=\"woocommerce-Price-currencySymbol\">&#36;<\/span>8.990<\/bdi><\/span> <small class=\"woocommerce-price-suffix\">IVA Incluido<\/small>","wc_booster_product_rating":"","wc_booster_product_banner_img":false,"wc_booster_product_reviews":[],"wc_booster_product_stock_data":{"manage_stock":false,"total_stock":null,"sold_stock":0},"_links":{"self":[{"href":"https:\/\/deportesram.cl\/es_es\/wp-json\/wp\/v2\/product\/6429","targetHints":{"allow":["GET"]}}],"collection":[{"href":"https:\/\/deportesram.cl\/es_es\/wp-json\/wp\/v2\/product"}],"about":[{"href":"https:\/\/deportesram.cl\/es_es\/wp-json\/wp\/v2\/types\/product"}],"wp:featuredmedia":[{"embeddable":true,"href":"https:\/\/deportesram.cl\/es_es\/wp-json\/wp\/v2\/media\/6430"}],"wp:attachment":[{"href":"https:\/\/deportesram.cl\/es_es\/wp-json\/wp\/v2\/media?parent=6429"}],"wp:term":[{"taxonomy":"product_brand","embeddable":true,"href":"https:\/\/deportesram.cl\/es_es\/wp-json\/wp\/v2\/product_brand?post=6429"},{"taxonomy":"product_cat","embeddable":true,"href":"https:\/\/deportesram.cl\/es_es\/wp-json\/wp\/v2\/product_cat?post=6429"},{"taxonomy":"product_tag","embeddable":true,"href":"https:\/\/deportesram.cl\/es_es\/wp-json\/wp\/v2\/product_tag?post=6429"}],"curies":[{"name":"wp","href":"https:\/\/api.w.org\/{rel}","templated":true}]}}