{"id":6432,"date":"2026-03-19T15:26:02","date_gmt":"2026-03-19T18:26:02","guid":{"rendered":"https:\/\/deportesram.cl\/?post_type=product&#038;p=6432"},"modified":"2026-03-19T15:33:49","modified_gmt":"2026-03-19T18:33:49","slug":"valla-de-entrenamiento-15cm","status":"publish","type":"product","link":"https:\/\/deportesram.cl\/es_es\/producto\/valla-de-entrenamiento-15cm\/","title":{"rendered":"Valla de Agilidad 15cm Lss"},"content":{"rendered":"<p class=\"\" data-start=\"310\" data-end=\"615\">\n<ul data-start=\"646\" data-end=\"1205\">\n<li class=\"\" data-start=\"646\" data-end=\"759\">\n<p class=\"\" data-start=\"648\" data-end=\"759\">Entrenamiento completo: Fortalece piernas, mejora la potencia de salto y desarrolla la coordinaci\u00f3n motriz.<\/p>\n<\/li>\n<li class=\"\" data-start=\"760\" data-end=\"874\">\n<p class=\"\" data-start=\"762\" data-end=\"874\">Altura ideal: Los 15 cm ofrecen el nivel perfecto de desaf\u00edo para principiantes o atletas en progresi\u00f3n.<\/p>\n<\/li>\n<li class=\"\" data-start=\"875\" data-end=\"1011\">\n<p class=\"\" data-start=\"877\" data-end=\"1011\">Vers\u00e1til y pr\u00e1ctica: \u00dasala para circuitos de agilidad, trabajos de velocidad, ejercicios pliom\u00e9tricos o entrenamiento de reacci\u00f3n.<\/p>\n<\/li>\n<li class=\"\" data-start=\"1012\" data-end=\"1096\">\n<p class=\"\" data-start=\"1014\" data-end=\"1096\">F\u00e1cil de transportar: Dise\u00f1o compacto y ligero para llevarla a donde entrenes.<\/p>\n<\/li>\n<li class=\"\" data-start=\"1097\" data-end=\"1205\">\n<p class=\"\" data-start=\"1099\" data-end=\"1205\">Durabilidad garantizada: Fabricada con materiales pl\u00e1sticos resistentes que soportan el uso intensivo.<\/p>\n<\/li>\n<\/ul>\n<p class=\"\" data-start=\"1207\" data-end=\"1317\">Agrega dinamismo y eficacia a tus sesiones con este accesorio esencial para entrenamientos de rendimiento.<\/p>\n","protected":false},"excerpt":{"rendered":"<p>Entrenamiento completo: Fortalece piernas, mejora la potencia de salto y desarrolla la coordinaci\u00f3n motriz. Altura ideal: Los 15 cm ofrecen el nivel perfecto de desaf\u00edo para principiantes o atletas en progresi\u00f3n. Vers\u00e1til y pr\u00e1ctica: \u00dasala para circuitos de agilidad, trabajos de velocidad, ejercicios pliom\u00e9tricos o entrenamiento de reacci\u00f3n. F\u00e1cil de transportar: Dise\u00f1o compacto y ligero [&hellip;]<\/p>\n","protected":false},"featured_media":6433,"template":"","meta":[],"product_brand":[],"product_cat":[705],"product_tag":[],"class_list":{"0":"post-6432","1":"product","2":"type-product","3":"status-publish","4":"has-post-thumbnail","6":"product_cat-entrenamiento","8":"first","9":"instock","10":"taxable","11":"shipping-taxable","12":"purchasable","13":"product-type-simple"},"wc_booster_product_categories":[{"id":705,"name":"Entrenamiento"}],"wc_booster_product_price":"<span class=\"woocommerce-Price-amount amount\"><bdi><span class=\"woocommerce-Price-currencySymbol\">&#36;<\/span>3.590<\/bdi><\/span> <small class=\"woocommerce-price-suffix\">IVA Incluido<\/small>","wc_booster_product_rating":"","wc_booster_product_banner_img":false,"wc_booster_product_reviews":[],"wc_booster_product_stock_data":{"manage_stock":false,"total_stock":null,"sold_stock":0},"_links":{"self":[{"href":"https:\/\/deportesram.cl\/es_es\/wp-json\/wp\/v2\/product\/6432","targetHints":{"allow":["GET"]}}],"collection":[{"href":"https:\/\/deportesram.cl\/es_es\/wp-json\/wp\/v2\/product"}],"about":[{"href":"https:\/\/deportesram.cl\/es_es\/wp-json\/wp\/v2\/types\/product"}],"wp:featuredmedia":[{"embeddable":true,"href":"https:\/\/deportesram.cl\/es_es\/wp-json\/wp\/v2\/media\/6433"}],"wp:attachment":[{"href":"https:\/\/deportesram.cl\/es_es\/wp-json\/wp\/v2\/media?parent=6432"}],"wp:term":[{"taxonomy":"product_brand","embeddable":true,"href":"https:\/\/deportesram.cl\/es_es\/wp-json\/wp\/v2\/product_brand?post=6432"},{"taxonomy":"product_cat","embeddable":true,"href":"https:\/\/deportesram.cl\/es_es\/wp-json\/wp\/v2\/product_cat?post=6432"},{"taxonomy":"product_tag","embeddable":true,"href":"https:\/\/deportesram.cl\/es_es\/wp-json\/wp\/v2\/product_tag?post=6432"}],"curies":[{"name":"wp","href":"https:\/\/api.w.org\/{rel}","templated":true}]}}