{"id":6434,"date":"2026-03-19T15:30:02","date_gmt":"2026-03-19T18:30:02","guid":{"rendered":"https:\/\/deportesram.cl\/?post_type=product&#038;p=6434"},"modified":"2026-03-19T18:00:25","modified_gmt":"2026-03-19T21:00:25","slug":"valla-agilidad-30cm-lss","status":"publish","type":"product","link":"https:\/\/deportesram.cl\/es_es\/producto\/valla-agilidad-30cm-lss\/","title":{"rendered":"Valla Agilidad 30cm Lss"},"content":{"rendered":"<section class=\"elementor-section elementor-top-section elementor-element elementor-element-562428a elementor-reverse-mobile elementor-section-boxed elementor-section-height-default elementor-section-height-default\" data-id=\"562428a\" data-element_type=\"section\" data-e-type=\"section\">\n<div class=\"elementor-container elementor-column-gap-default\">\n<div class=\"elementor-column elementor-col-100 elementor-top-column elementor-element elementor-element-849fa95\" data-id=\"849fa95\" data-element_type=\"column\" data-e-type=\"column\" data-settings=\"{&quot;background_background&quot;:&quot;classic&quot;}\">\n<div class=\"elementor-widget-wrap elementor-element-populated\">\n<div class=\"elementor-element elementor-element-e24b901 wd-single-content elementor-widget elementor-widget-wd_single_product_content\" data-id=\"e24b901\" data-element_type=\"widget\" data-e-type=\"widget\" data-widget_type=\"wd_single_product_content.default\">\n<div class=\"elementor-widget-container\">\n<ul data-start=\"646\" data-end=\"1205\">\n<li class=\"\" data-start=\"646\" data-end=\"759\">\n<p class=\"\" data-start=\"648\" data-end=\"759\">Entrenamiento completo: Fortalece piernas, mejora la potencia de salto y desarrolla la coordinaci\u00f3n motriz.<\/p>\n<\/li>\n<li class=\"\" data-start=\"760\" data-end=\"874\">\n<p class=\"\" data-start=\"762\" data-end=\"874\">Altura ideal: Los 30 cm ofrecen el nivel perfecto de desaf\u00edo para principiantes o atletas en progresi\u00f3n.<\/p>\n<\/li>\n<li class=\"\" data-start=\"875\" data-end=\"1011\">\n<p class=\"\" data-start=\"877\" data-end=\"1011\">Vers\u00e1til y pr\u00e1ctica: \u00dasala para circuitos de agilidad, trabajos de velocidad, ejercicios pliom\u00e9tricos o entrenamiento de reacci\u00f3n.<\/p>\n<\/li>\n<li class=\"\" data-start=\"1012\" data-end=\"1096\">\n<p class=\"\" data-start=\"1014\" data-end=\"1096\">F\u00e1cil de transportar: Dise\u00f1o compacto y ligero para llevarla a donde entrenes.<\/p>\n<\/li>\n<li class=\"\" data-start=\"1097\" data-end=\"1205\">\n<p class=\"\" data-start=\"1099\" data-end=\"1205\">Durabilidad garantizada: Fabricada con materiales pl\u00e1sticos resistentes que soportan el uso intensivo.<\/p>\n<\/li>\n<\/ul>\n<p class=\"\" data-start=\"1207\" data-end=\"1317\">Agrega dinamismo y eficacia a tus sesiones con este accesorio esencial para entrenamientos de rendimiento.<\/p>\n<\/div>\n<\/div>\n<\/div>\n<\/div>\n<\/div>\n<\/section>\n<section class=\"wd-negative-gap elementor-section elementor-top-section elementor-element elementor-element-19ae024 elementor-section-boxed elementor-section-height-default elementor-section-height-default\" data-id=\"19ae024\" data-element_type=\"section\" data-e-type=\"section\">\n<div class=\"elementor-container elementor-column-gap-default\">\n<div class=\"elementor-column elementor-col-100 elementor-top-column elementor-element elementor-element-4189985\" data-id=\"4189985\" data-element_type=\"column\" data-e-type=\"column\"><\/div>\n<\/div>\n<\/section>\n","protected":false},"excerpt":{"rendered":"<p>Unidad<\/p>\n","protected":false},"featured_media":6433,"template":"","meta":[],"product_brand":[],"product_cat":[705],"product_tag":[],"class_list":{"0":"post-6434","1":"product","2":"type-product","3":"status-publish","4":"has-post-thumbnail","6":"product_cat-entrenamiento","8":"first","9":"instock","10":"taxable","11":"shipping-taxable","12":"purchasable","13":"product-type-simple"},"wc_booster_product_categories":[{"id":705,"name":"Entrenamiento"}],"wc_booster_product_price":"<span class=\"woocommerce-Price-amount amount\"><bdi><span class=\"woocommerce-Price-currencySymbol\">&#36;<\/span>4.990<\/bdi><\/span> <small class=\"woocommerce-price-suffix\">IVA Incluido<\/small>","wc_booster_product_rating":"","wc_booster_product_banner_img":false,"wc_booster_product_reviews":[],"wc_booster_product_stock_data":{"manage_stock":false,"total_stock":null,"sold_stock":0},"_links":{"self":[{"href":"https:\/\/deportesram.cl\/es_es\/wp-json\/wp\/v2\/product\/6434","targetHints":{"allow":["GET"]}}],"collection":[{"href":"https:\/\/deportesram.cl\/es_es\/wp-json\/wp\/v2\/product"}],"about":[{"href":"https:\/\/deportesram.cl\/es_es\/wp-json\/wp\/v2\/types\/product"}],"wp:featuredmedia":[{"embeddable":true,"href":"https:\/\/deportesram.cl\/es_es\/wp-json\/wp\/v2\/media\/6433"}],"wp:attachment":[{"href":"https:\/\/deportesram.cl\/es_es\/wp-json\/wp\/v2\/media?parent=6434"}],"wp:term":[{"taxonomy":"product_brand","embeddable":true,"href":"https:\/\/deportesram.cl\/es_es\/wp-json\/wp\/v2\/product_brand?post=6434"},{"taxonomy":"product_cat","embeddable":true,"href":"https:\/\/deportesram.cl\/es_es\/wp-json\/wp\/v2\/product_cat?post=6434"},{"taxonomy":"product_tag","embeddable":true,"href":"https:\/\/deportesram.cl\/es_es\/wp-json\/wp\/v2\/product_tag?post=6434"}],"curies":[{"name":"wp","href":"https:\/\/api.w.org\/{rel}","templated":true}]}}