{"id":6436,"date":"2026-03-19T15:46:51","date_gmt":"2026-03-19T18:46:51","guid":{"rendered":"https:\/\/deportesram.cl\/?post_type=product&#038;p=6436"},"modified":"2026-03-19T15:54:10","modified_gmt":"2026-03-19T18:54:10","slug":"aro-de-agilidad-12-unidades-40cm-lss","status":"publish","type":"product","link":"https:\/\/deportesram.cl\/es_es\/producto\/aro-de-agilidad-12-unidades-40cm-lss\/","title":{"rendered":"Aro de Agilidad 12 Unidades 40cm Lss"},"content":{"rendered":"<h5 data-start=\"995\" data-end=\"1016\"><strong data-start=\"995\" data-end=\"1016\">Especificaciones:<\/strong><\/h5>\n<ul data-start=\"1017\" data-end=\"1131\">\n<li class=\"\" data-start=\"1017\" data-end=\"1050\">\n<p class=\"\" data-start=\"1019\" data-end=\"1050\">Material: Pl\u00e1stico resistente<\/p>\n<\/li>\n<li class=\"\" data-start=\"1051\" data-end=\"1079\">\n<p class=\"\" data-start=\"1053\" data-end=\"1079\">Di\u00e1metro: 40cm<\/p>\n<\/li>\n<li class=\"\" data-start=\"1109\" data-end=\"1131\">\n<p class=\"\" data-start=\"1111\" data-end=\"1131\">Cantidad: Set 12U<\/p>\n<\/li>\n<\/ul>\n<h5 data-start=\"1133\" data-end=\"1148\"><strong data-start=\"1133\" data-end=\"1148\">Beneficios:<\/strong><\/h5>\n<ul data-start=\"1149\" data-end=\"1380\">\n<li class=\"\" data-start=\"1149\" data-end=\"1197\">\n<p class=\"\" data-start=\"1151\" data-end=\"1197\">Mejora la agilidad, velocidad y coordinaci\u00f3n<\/p>\n<\/li>\n<li class=\"\" data-start=\"1198\" data-end=\"1273\">\n<p class=\"\" data-start=\"1200\" data-end=\"1273\">Ideal para rutinas deportivas, rehabilitaci\u00f3n o entrenamiento funcional<\/p>\n<\/li>\n<li class=\"\" data-start=\"1274\" data-end=\"1321\">\n<p class=\"\" data-start=\"1276\" data-end=\"1321\">Livianos, port\u00e1tiles y f\u00e1ciles de almacenar<\/p>\n<\/li>\n<li class=\"\" data-start=\"1322\" data-end=\"1380\">\n<p class=\"\" data-start=\"1324\" data-end=\"1380\">Vers\u00e1tiles para todo tipo de edades y niveles deportivos<\/p>\n<\/li>\n<li data-start=\"1322\" data-end=\"1380\">Colores segun Stock<\/li>\n<\/ul>\n","protected":false},"excerpt":{"rendered":"<p>Especificaciones: Material: Pl\u00e1stico resistente Di\u00e1metro: 40cm Cantidad: Set 12U Beneficios: Mejora la agilidad, velocidad y coordinaci\u00f3n Ideal para rutinas deportivas, rehabilitaci\u00f3n o entrenamiento funcional Livianos, port\u00e1tiles y f\u00e1ciles de almacenar Vers\u00e1tiles para todo tipo de edades y niveles deportivos Colores segun Stock<\/p>\n","protected":false},"featured_media":6437,"template":"","meta":[],"product_brand":[],"product_cat":[705],"product_tag":[],"class_list":{"0":"post-6436","1":"product","2":"type-product","3":"status-publish","4":"has-post-thumbnail","6":"product_cat-entrenamiento","8":"first","9":"instock","10":"taxable","11":"shipping-taxable","12":"purchasable","13":"product-type-simple"},"wc_booster_product_categories":[{"id":705,"name":"Entrenamiento"}],"wc_booster_product_price":"<span class=\"woocommerce-Price-amount amount\"><bdi><span class=\"woocommerce-Price-currencySymbol\">&#36;<\/span>12.990<\/bdi><\/span> <small class=\"woocommerce-price-suffix\">IVA Incluido<\/small>","wc_booster_product_rating":"","wc_booster_product_banner_img":false,"wc_booster_product_reviews":[],"wc_booster_product_stock_data":{"manage_stock":false,"total_stock":null,"sold_stock":0},"_links":{"self":[{"href":"https:\/\/deportesram.cl\/es_es\/wp-json\/wp\/v2\/product\/6436","targetHints":{"allow":["GET"]}}],"collection":[{"href":"https:\/\/deportesram.cl\/es_es\/wp-json\/wp\/v2\/product"}],"about":[{"href":"https:\/\/deportesram.cl\/es_es\/wp-json\/wp\/v2\/types\/product"}],"wp:featuredmedia":[{"embeddable":true,"href":"https:\/\/deportesram.cl\/es_es\/wp-json\/wp\/v2\/media\/6437"}],"wp:attachment":[{"href":"https:\/\/deportesram.cl\/es_es\/wp-json\/wp\/v2\/media?parent=6436"}],"wp:term":[{"taxonomy":"product_brand","embeddable":true,"href":"https:\/\/deportesram.cl\/es_es\/wp-json\/wp\/v2\/product_brand?post=6436"},{"taxonomy":"product_cat","embeddable":true,"href":"https:\/\/deportesram.cl\/es_es\/wp-json\/wp\/v2\/product_cat?post=6436"},{"taxonomy":"product_tag","embeddable":true,"href":"https:\/\/deportesram.cl\/es_es\/wp-json\/wp\/v2\/product_tag?post=6436"}],"curies":[{"name":"wp","href":"https:\/\/api.w.org\/{rel}","templated":true}]}}