{"id":6464,"date":"2026-04-30T17:56:16","date_gmt":"2026-04-30T21:56:16","guid":{"rendered":"https:\/\/deportesram.cl\/?post_type=product&#038;p=6464"},"modified":"2026-04-30T17:56:16","modified_gmt":"2026-04-30T21:56:16","slug":"palo-de-hockey-cesped-muuk-winner-32","status":"publish","type":"product","link":"https:\/\/deportesram.cl\/es_es\/producto\/palo-de-hockey-cesped-muuk-winner-32\/","title":{"rendered":"Palo de Hockey Cesped Muuk Winner 32&#8243;"},"content":{"rendered":"<p>Palo de hockey de c\u00e9sped modelo Winner es ideal para iniciaci\u00f3n de ni\u00f1os y ni\u00f1as, viene en medidas de\u00a0<strong>30&#8243; y 32&#8243;<\/strong>\u00a0. Est\u00e1 hecho de madera con refuerzo de fibra de vidrio en el cabezal. Grip sint\u00e9tico de PVC.<\/p>\n<p>Para elegir el tama\u00f1o correcto del palo de hockey c\u00e9sped, es importante que se ajuste a la altura del jugador para que pueda jugar c\u00f3modamente. En general, los palos de hockey c\u00e9sped para ni\u00f1os tienen una longitud de 30&#8243; a 34&#8243;, mientras que los palos para adultos tienen una longitud de 36&#8243; a 38&#8243;, el mas popular para casi todos los jugadores es 36.5&#8243;\u00a0<a class=\"tooltip-target\" href=\"https:\/\/es.minotauromaquia.com\/blog\/ice-hockey\/2018-05-06-how-to-measure-a-hockey-stick-with-pictures.html\" target=\"_blank\" rel=\"noopener\" data-citationid=\"af2c00c3-b0a8-35b6-d076-bd711c213c2a-2-group\">Sin embargo, la elecci\u00f3n del tama\u00f1o correcto tambi\u00e9n depende del tipo de jugador que seas y de tus preferencias personales.<\/a><\/p>\n<p><a class=\"tooltip-target\" href=\"https:\/\/es.minotauromaquia.com\/blog\/ice-hockey\/2018-05-06-how-to-measure-a-hockey-stick-with-pictures.html\" target=\"_blank\" rel=\"noopener\" data-citationid=\"af2c00c3-b0a8-35b6-d076-bd711c213c2a-2-group\">Altura referenciales para el jugador o jugadora:<\/a><\/p>\n<ul>\n<li><a class=\"tooltip-target\" href=\"https:\/\/es.minotauromaquia.com\/blog\/ice-hockey\/2018-05-06-how-to-measure-a-hockey-stick-with-pictures.html\" target=\"_blank\" rel=\"noopener\" data-citationid=\"af2c00c3-b0a8-35b6-d076-bd711c213c2a-2-group\">30&#8243;\u00a0 \u00a0 115 cm &#8211; 120 cm<\/a><\/li>\n<li><a class=\"tooltip-target\" href=\"https:\/\/es.minotauromaquia.com\/blog\/ice-hockey\/2018-05-06-how-to-measure-a-hockey-stick-with-pictures.html\" target=\"_blank\" rel=\"noopener\" data-citationid=\"af2c00c3-b0a8-35b6-d076-bd711c213c2a-2-group\">32&#8243;\u00a0 \u00a0 120 cm &#8211; 135 cm<\/a><\/li>\n<li><a class=\"tooltip-target\" href=\"https:\/\/es.minotauromaquia.com\/blog\/ice-hockey\/2018-05-06-how-to-measure-a-hockey-stick-with-pictures.html\" target=\"_blank\" rel=\"noopener\" data-citationid=\"af2c00c3-b0a8-35b6-d076-bd711c213c2a-2-group\">34&#8243;\u00a0 \u00a0 135 cm &#8211; 150 cm<\/a><\/li>\n<li><a class=\"tooltip-target\" href=\"https:\/\/es.minotauromaquia.com\/blog\/ice-hockey\/2018-05-06-how-to-measure-a-hockey-stick-with-pictures.html\" target=\"_blank\" rel=\"noopener\" data-citationid=\"af2c00c3-b0a8-35b6-d076-bd711c213c2a-2-group\">36.5&#8243; 150 cm &#8211; 175 cm<\/a><\/li>\n<\/ul>\n","protected":false},"excerpt":{"rendered":"<p>Palo de hockey de c\u00e9sped modelo Winner es ideal para iniciaci\u00f3n de ni\u00f1os y ni\u00f1as, viene en medidas de\u00a030&#8243; y 32&#8243;\u00a0. Est\u00e1 hecho de madera con refuerzo de fibra de vidrio en el cabezal. Grip sint\u00e9tico de PVC. Para elegir el tama\u00f1o correcto del palo de hockey c\u00e9sped, es importante que se ajuste a la [&hellip;]<\/p>\n","protected":false},"featured_media":6465,"template":"","meta":[],"product_brand":[],"product_cat":[596,595,598],"product_tag":[],"class_list":{"0":"post-6464","1":"product","2":"type-product","3":"status-publish","4":"has-post-thumbnail","6":"product_cat-cesped","7":"product_cat-hockey","8":"product_cat-palo","10":"first","11":"instock","12":"sale","13":"taxable","14":"shipping-taxable","15":"purchasable","16":"product-type-simple"},"wc_booster_product_categories":[{"id":596,"name":"C\u00e9sped"},{"id":595,"name":"Hockey"},{"id":598,"name":"Palo"}],"wc_booster_product_price":"<span class=\"sale-price\"><del aria-hidden=\"true\"><span class=\"woocommerce-Price-amount amount\"><bdi><span class=\"woocommerce-Price-currencySymbol\">&#36;<\/span>12.990<\/bdi><\/span><\/del> <span class=\"screen-reader-text\">El precio original era: &#036;12.990.<\/span><ins aria-hidden=\"true\"><span class=\"woocommerce-Price-amount amount\"><bdi><span class=\"woocommerce-Price-currencySymbol\">&#36;<\/span>10.392<\/bdi><\/span><\/ins><span class=\"screen-reader-text\">El precio actual es: &#036;10.392.<\/span><\/span> <small class=\"woocommerce-price-suffix\">IVA Incluido<\/small>","wc_booster_product_rating":"","wc_booster_product_banner_img":false,"wc_booster_product_reviews":[],"wc_booster_product_stock_data":{"manage_stock":false,"total_stock":null,"sold_stock":0},"_links":{"self":[{"href":"https:\/\/deportesram.cl\/es_es\/wp-json\/wp\/v2\/product\/6464","targetHints":{"allow":["GET"]}}],"collection":[{"href":"https:\/\/deportesram.cl\/es_es\/wp-json\/wp\/v2\/product"}],"about":[{"href":"https:\/\/deportesram.cl\/es_es\/wp-json\/wp\/v2\/types\/product"}],"wp:featuredmedia":[{"embeddable":true,"href":"https:\/\/deportesram.cl\/es_es\/wp-json\/wp\/v2\/media\/6465"}],"wp:attachment":[{"href":"https:\/\/deportesram.cl\/es_es\/wp-json\/wp\/v2\/media?parent=6464"}],"wp:term":[{"taxonomy":"product_brand","embeddable":true,"href":"https:\/\/deportesram.cl\/es_es\/wp-json\/wp\/v2\/product_brand?post=6464"},{"taxonomy":"product_cat","embeddable":true,"href":"https:\/\/deportesram.cl\/es_es\/wp-json\/wp\/v2\/product_cat?post=6464"},{"taxonomy":"product_tag","embeddable":true,"href":"https:\/\/deportesram.cl\/es_es\/wp-json\/wp\/v2\/product_tag?post=6464"}],"curies":[{"name":"wp","href":"https:\/\/api.w.org\/{rel}","templated":true}]}}